{"id":59,"date":"2022-05-12T15:15:24","date_gmt":"2022-05-12T15:15:24","guid":{"rendered":"http:\/\/demo.aival.fi\/?page_id=59"},"modified":"2025-05-19T09:03:33","modified_gmt":"2025-05-19T09:03:33","slug":"arvot","status":"publish","type":"page","link":"https:\/\/www.suomiruokaa.fi\/index.php\/arvot\/","title":{"rendered":"Arvot"},"content":{"rendered":"<p>[et_pb_section fb_built=&#8221;1&#8243; _builder_version=&#8221;4.22.1&#8243; _module_preset=&#8221;default&#8221; background_color=&#8221;#0C71C3&#8243; background_image=&#8221;http:\/\/www.suomiruokaa.fi\/wp-content\/uploads\/2022\/08\/Arvoyyy.jpg&#8221; width=&#8221;100%&#8221; max_width=&#8221;100%&#8221; min_height=&#8221;503px&#8221; custom_margin=&#8221;||||false|false&#8221; custom_padding=&#8221;173px||3px|||&#8221; global_colors_info=&#8221;{}&#8221;][et_pb_row _builder_version=&#8221;4.17.3&#8243; _module_preset=&#8221;default&#8221; global_colors_info=&#8221;{}&#8221;][et_pb_column type=&#8221;4_4&#8243; _builder_version=&#8221;4.17.3&#8243; _module_preset=&#8221;default&#8221; global_colors_info=&#8221;{}&#8221;][et_pb_text _builder_version=&#8221;4.17.3&#8243; _module_preset=&#8221;default&#8221; header_font=&#8221;Lora|700|||||||&#8221; header_text_align=&#8221;center&#8221; header_text_color=&#8221;#FFFFFF&#8221; header_font_size=&#8221;63px&#8221; global_colors_info=&#8221;{}&#8221;]<\/p>\n<h1><span>SINUN TUELLASI<br \/>ON\u00a0<span class=\"hyphen\">MER\u00adKI\u00adTYS\u00adT\u00c4<\/span><\/span><\/h1>\n<p>[\/et_pb_text][\/et_pb_column][\/et_pb_row][\/et_pb_section][et_pb_section fb_built=&#8221;1&#8243; _builder_version=&#8221;4.22.1&#8243; _module_preset=&#8221;default&#8221; background_color=&#8221;#f3efef&#8221; min_height=&#8221;662px&#8221; custom_margin=&#8221;||-4px||false|false&#8221; custom_padding=&#8221;3px||4px|||&#8221; global_colors_info=&#8221;{}&#8221;][et_pb_row column_structure=&#8221;1_2,1_2&#8243; _builder_version=&#8221;4.22.1&#8243; _module_preset=&#8221;default&#8221; background_color=&#8221;#f3efef&#8221; module_alignment=&#8221;center&#8221; custom_padding=&#8221;|||9px||&#8221; global_colors_info=&#8221;{}&#8221;][et_pb_column type=&#8221;1_2&#8243; _builder_version=&#8221;4.17.3&#8243; _module_preset=&#8221;default&#8221; global_colors_info=&#8221;{}&#8221;][et_pb_text _builder_version=&#8221;4.22.1&#8243; _module_preset=&#8221;default&#8221; text_font=&#8221;Lora||||||||&#8221; text_text_color=&#8221;#000000&#8243; text_font_size=&#8221;18px&#8221; header_text_align=&#8221;left&#8221; header_text_color=&#8221;#748168&#8243; header_font_size=&#8221;41px&#8221; header_2_font=&#8221;|800|||||||&#8221; header_2_text_color=&#8221;#748168&#8243; header_2_font_size=&#8221;42px&#8221; header_2_line_height=&#8221;1.1em&#8221; background_color=&#8221;#f3efef&#8221; global_colors_info=&#8221;{}&#8221;]<\/p>\n<div class=\"p_qg\">\n<h2>J\u00c4SENEN\u00c4 TUET<br \/>\nSUO\u00adMA\u00adLAIS\u00adTA<br \/>\nRUO\u00adAN\u00adTUOT\u00adTA\u00adJAA<\/h2>\n<p>&nbsp;<\/p>\n<p><span style=\"font-size: 18px;\">J<span style=\"color: #000000;\">\u00e4senen\u00e4 \u00a0p\u00e4\u00e4set tukemaan suomalaisen ruoan alkutuottajaa. Tukemalla ruoantuottajia osoitamme arvostavamme heid\u00e4n arvokasta ty\u00f6t\u00e4ns\u00e4 ja kotimaista puhdasta ruokaa, jota he ovat omalla kovalla ty\u00f6ll\u00e4\u00e4n meille tuottane<\/span><\/span><span style=\"font-size: 18px; color: #000000;\">et.<\/span><br \/>\n<span class=\"hyphen\" style=\"color: #000000;\"><\/span><\/p>\n<p><span style=\"color: #000000;\"><span style=\"font-size: 18px;\">Lis\u00e4ksi me j\u00e4senet mahdollistamme sen, ett\u00e4 suomalaiset saavat todenmukaisen ja ajankohtaisen tiedon siit\u00e4, mist\u00e4 meid\u00e4n ruoka tulee ja ketk\u00e4 sit\u00e4 tuottavat.<\/span><\/span><\/p>\n<\/div>\n<p style=\"font-size: 18px;\">\n<span style=\"color: #000000;\"><br \/>\nYhdistyksemme arvoja ovat:<\/span><\/p>\n<p style=\"font-size: 18px;\"><span style=\"color: #000000;\"><span style=\"font-size: 18px;\"><span style=\"font-size: x-large;\"><span style=\"font-size: 24px; font-weight: bold;\">\u2713\u00a0<\/span><\/span>Kotimainen puhdas ruoka<br \/>\n<\/span><span style=\"font-size: x-large;\"><span style=\"font-size: 24px; font-weight: bold;\">\u2713 <\/span><\/span>Tuki ja yhdess\u00e4 tekemisen voima<\/span><br \/>\n<span style=\"color: #000000;\"><span style=\"font-size: x-large;\"><span style=\"font-size: 24px; font-weight: bold;\">\u2713\u00a0<\/span><\/span>Oikeudenmukaisuus<\/span><br \/>\n<span style=\"color: #000000;\"><span style=\"font-size: x-large;\"><span style=\"font-size: 24px; font-weight: bold;\">\u2713\u00a0<\/span><\/span>Haluamme kotimaista ruokaa jatkossakin<\/span><\/p>\n<p>[\/et_pb_text][\/et_pb_column][et_pb_column type=&#8221;1_2&#8243; disabled_on=&#8221;off|off|off&#8221; _builder_version=&#8221;4.17.3&#8243; _module_preset=&#8221;default&#8221; overflow-x=&#8221;auto&#8221; overflow-y=&#8221;auto&#8221; custom_padding=&#8221;||0px||false|false&#8221; overflow-x_tablet=&#8221;auto&#8221; overflow-x_phone=&#8221;auto&#8221; overflow-x_last_edited=&#8221;on|tablet&#8221; global_colors_info=&#8221;{}&#8221;][et_pb_image src=&#8221;http:\/\/www.suomiruokaa.fi\/wp-content\/uploads\/2022\/08\/kuvajas2.png&#8221; alt=&#8221;Lehm\u00e4 pellolla&#8221; title_text=&#8221;Lehm\u00e4&#8221; align=&#8221;center&#8221; src_tablet=&#8221;http:\/\/www.suomiruokaa.fi\/wp-content\/uploads\/2022\/07\/Arvot-1.png&#8221; src_phone=&#8221;http:\/\/www.suomiruokaa.fi\/wp-content\/uploads\/2022\/07\/Arvot-1.png&#8221; src_last_edited=&#8221;on|phone&#8221; _builder_version=&#8221;4.17.3&#8243; _module_preset=&#8221;default&#8221; module_alignment=&#8221;center&#8221; filter_brightness=&#8221;133%&#8221; global_colors_info=&#8221;{}&#8221;][\/et_pb_image][\/et_pb_column][\/et_pb_row][et_pb_row _builder_version=&#8221;4.22.1&#8243; _module_preset=&#8221;default&#8221; global_colors_info=&#8221;{}&#8221;][et_pb_column type=&#8221;4_4&#8243; _builder_version=&#8221;4.17.3&#8243; _module_preset=&#8221;default&#8221; global_colors_info=&#8221;{}&#8221;][et_pb_button button_url=&#8221;http:\/\/www.suomiruokaa.fi\/index.php\/tule-jaseneksi\/&#8221; button_text=&#8221;Tule j\u00e4seneksi&#8221; button_alignment=&#8221;left&#8221; _builder_version=&#8221;4.22.1&#8243; _module_preset=&#8221;default&#8221; custom_margin=&#8221;||40px||false|false&#8221; hover_enabled=&#8221;0&#8243; global_colors_info=&#8221;{}&#8221; sticky_enabled=&#8221;0&#8243;][\/et_pb_button][et_pb_button button_url=&#8221;http:\/\/www.suomiruokaa.fi\/wp-content\/uploads\/2022\/07\/Rekisteroidyt-saannot.pdf&#8221; button_text=&#8221;Yhdistyksen s\u00e4\u00e4nn\u00f6t&#8221; _builder_version=&#8221;4.22.1&#8243; _module_preset=&#8221;default&#8221; global_colors_info=&#8221;{}&#8221;][\/et_pb_button][\/et_pb_column][\/et_pb_row][\/et_pb_section]<\/p>\n","protected":false},"excerpt":{"rendered":"<p>SINUN TUELLASION\u00a0MER\u00adKI\u00adTYS\u00adT\u00c4 J\u00c4SENEN\u00c4 TUET SUO\u00adMA\u00adLAIS\u00adTA RUO\u00adAN\u00adTUOT\u00adTA\u00adJAA &nbsp; J\u00e4senen\u00e4 \u00a0p\u00e4\u00e4set tukemaan suomalaisen ruoan alkutuottajaa. Tukemalla ruoantuottajia osoitamme arvostavamme heid\u00e4n arvokasta ty\u00f6t\u00e4ns\u00e4 ja kotimaista puhdasta ruokaa, jota he ovat omalla kovalla ty\u00f6ll\u00e4\u00e4n meille tuottaneet. Lis\u00e4ksi me j\u00e4senet mahdollistamme sen, ett\u00e4 suomalaiset saavat todenmukaisen ja ajankohtaisen tiedon siit\u00e4, mist\u00e4 meid\u00e4n ruoka tulee ja ketk\u00e4 sit\u00e4 tuottavat. Yhdistyksemme arvoja [&hellip;]<\/p>\n","protected":false},"author":3,"featured_media":0,"parent":0,"menu_order":0,"comment_status":"closed","ping_status":"closed","template":"","meta":{"_et_pb_use_builder":"on","_et_pb_old_content":"<p>\u00a0<\/p><h2>SINUN TUELLASI ON MER\u00adKI\u00adTYS\u00adT\u00c4<\/h2><h2>J\u00c4SENEN\u00c4 TUET SUO\u00adMA\u00adLAIS\u00adTA RUO\u00adAN\u00adTUOT\u00adTA\u00adJAA<\/h2><p><img class=\"alignright wp-image-63 \" src=\"http:\/\/demo.aival.fi\/wp-content\/uploads\/2022\/05\/Piiromaen-maatila-1024x576.jpg\" alt=\"Piirom\u00e4en Maatila\" width=\"499\" height=\"281\" \/><\/p><p>J\u00e4senen\u00e4 p\u00e4\u00e4set tukemaan suomalaisen ruoan alkutuottajaa. Tukemalla ruoantuottajia osoitamme arvostavamme<\/p><p>heid\u00e4n arvokasta ty\u00f6t\u00e4ns\u00e4 ja kotimaista puhdasta ruokaa, jota he ovat omalla kovalla ty\u00f6ll\u00e4\u00e4n meille tuottaneet.<\/p><p>Lis\u00e4ksi me j\u00e4senet mahdollistamme sen, ett\u00e4 suomalaiset saavat todenmukaisen ja ajankohtaisen tiedon siit\u00e4, mist\u00e4 meid\u00e4n ruoka tulee ja ketk\u00e4 sit\u00e4 tuottavat. Yhdistyksemme arvoja ovat: Kotimainen puhdas ruoka Tuki ja yhdess\u00e4 tekemisen voima Oikeudenmukaisuus Haluamme kotimaista ruokaa jatkossakin<\/p>","_et_gb_content_width":"","footnotes":""},"class_list":["post-59","page","type-page","status-publish","hentry"],"_links":{"self":[{"href":"https:\/\/www.suomiruokaa.fi\/index.php\/wp-json\/wp\/v2\/pages\/59","targetHints":{"allow":["GET"]}}],"collection":[{"href":"https:\/\/www.suomiruokaa.fi\/index.php\/wp-json\/wp\/v2\/pages"}],"about":[{"href":"https:\/\/www.suomiruokaa.fi\/index.php\/wp-json\/wp\/v2\/types\/page"}],"author":[{"embeddable":true,"href":"https:\/\/www.suomiruokaa.fi\/index.php\/wp-json\/wp\/v2\/users\/3"}],"replies":[{"embeddable":true,"href":"https:\/\/www.suomiruokaa.fi\/index.php\/wp-json\/wp\/v2\/comments?post=59"}],"version-history":[{"count":89,"href":"https:\/\/www.suomiruokaa.fi\/index.php\/wp-json\/wp\/v2\/pages\/59\/revisions"}],"predecessor-version":[{"id":819,"href":"https:\/\/www.suomiruokaa.fi\/index.php\/wp-json\/wp\/v2\/pages\/59\/revisions\/819"}],"wp:attachment":[{"href":"https:\/\/www.suomiruokaa.fi\/index.php\/wp-json\/wp\/v2\/media?parent=59"}],"curies":[{"name":"wp","href":"https:\/\/api.w.org\/{rel}","templated":true}]}}