{"id":201,"date":"2022-07-11T16:14:19","date_gmt":"2022-07-11T16:14:19","guid":{"rendered":"http:\/\/demo.aival.fi\/?page_id=201"},"modified":"2025-05-19T12:43:08","modified_gmt":"2025-05-19T12:43:08","slug":"yhteystiedot","status":"publish","type":"page","link":"https:\/\/www.suomiruokaa.fi\/index.php\/yhteystiedot\/","title":{"rendered":"Yh\u00adteys\u00adtie\u00addot"},"content":{"rendered":"<p>[et_pb_section fb_built=&#8221;1&#8243; _builder_version=&#8221;4.22.1&#8243; _module_preset=&#8221;default&#8221; background_image=&#8221;http:\/\/www.suomiruokaa.fi\/wp-content\/uploads\/2022\/08\/Tarina.png&#8221; background_size=&#8221;stretch&#8221; min_height=&#8221;1122px&#8221; custom_margin=&#8221;||||false|false&#8221; custom_padding=&#8221;251px|||||&#8221; hover_enabled=&#8221;0&#8243; global_colors_info=&#8221;{}&#8221; sticky_enabled=&#8221;0&#8243;][et_pb_row column_structure=&#8221;1_2,1_2&#8243; _builder_version=&#8221;4.22.1&#8243; _module_preset=&#8221;default&#8221; background_color=&#8221;#f3efef&#8221; width=&#8221;89.5%&#8221; module_alignment=&#8221;center&#8221; min_height=&#8221;303.4px&#8221; custom_margin=&#8221;35px|168px|27px|807px||&#8221; custom_padding=&#8221;106px|11px|56px|0px||&#8221; border_radii=&#8221;on|3px|3px|3px|3px&#8221; global_colors_info=&#8221;{}&#8221;][et_pb_column type=&#8221;1_2&#8243; _builder_version=&#8221;4.17.3&#8243; _module_preset=&#8221;default&#8221; global_colors_info=&#8221;{}&#8221;][et_pb_text _builder_version=&#8221;4.17.3&#8243; _module_preset=&#8221;default&#8221; text_font=&#8221;Lora||||||||&#8221; text_text_color=&#8221;#000000&#8243; text_font_size=&#8221;18px&#8221; header_2_font=&#8221;Lora|700|||||||&#8221; header_2_text_align=&#8221;center&#8221; header_2_text_color=&#8221;#748168&#8243; header_2_font_size=&#8221;40px&#8221; header_5_font=&#8221;Lora||||||||&#8221; text_orientation=&#8221;center&#8221; custom_margin=&#8221;-67px|||||&#8221; custom_padding=&#8221;|||0px||&#8221; global_colors_info=&#8221;{}&#8221;]<\/p>\n<div class=\"v_bP d_fq d_bD d_dw v_hj d_hj d_cZ d_c3\">\n<h2>Ota yhteytt\u00e4<\/h2>\n<\/div>\n<div class=\"v_bP d_fq d_bD d_dw v_hk d_hk d_cV d_c3\">\n<div>\n<p>&nbsp;<\/p>\n<p class=\"t\">Otathan rohkeasti yhteytt\u00e4, jos sinulla on<span>\u00a0<\/span><span class=\"hyphen\">ky\u00adsyt\u00adt\u00e4\u00adv\u00e4\u00e4<br \/><\/span><span>\u00a0<\/span><span class=\"hyphen\">yh\u00addis\u00adtyk\u00adses\u00adt\u00e4,<\/span><span>\u00a0<\/span><span class=\"hyphen\">tuot\u00adta\u00adjis\u00adta,<\/span><span>\u00a0<\/span><span class=\"hyphen\">j\u00e4\u00adse\u00adnyy\u00addes\u00adt\u00e4<\/span><span>\u00a0<\/span>tai muusta<span>\u00a0<br \/><\/span><span class=\"hyphen\">yh\u00adteis\u00adty\u00f6s\u00adt\u00e4.<\/span><\/p>\n<p class=\"t\">\n<p class=\"t\">Voit ottaa yhteytt\u00e4 t\u00e4m\u00e4n lomakkeen kautta sek\u00e4<br \/><span>\u00a0<\/span><span class=\"hyphen\">s\u00e4h\u00adk\u00f6\u00adpos\u00adtit\u00adse<\/span><span>\u00a0<\/span><span class=\"hyphen\">info@suo\u00admi\u00adruo\u00adkaa.fi<\/span><\/p>\n<p class=\"t\">Vastaamme<span>\u00a0<\/span><span class=\"hyphen\">vies\u00adtei\u00adhin<\/span><span>\u00a0<\/span><span class=\"hyphen\">maa\u00adnan\u00adtai\u00adsin,<\/span><span>\u00a0<br \/><\/span><span class=\"hyphen\">kes\u00adki\u00adviik\u00adkoi\u00adsin<\/span><span>\u00a0<\/span>ja<span>\u00a0<\/span><span class=\"hyphen\">per\u00adjan\u00adtai\u00adsin.<\/span><\/p>\n<\/div>\n<\/div>\n<p>[\/et_pb_text][\/et_pb_column][et_pb_column type=&#8221;1_2&#8243; _builder_version=&#8221;4.17.3&#8243; _module_preset=&#8221;default&#8221; global_colors_info=&#8221;{}&#8221;][et_pb_contact_form email=&#8221;info@suomiruokaa.fi&#8221; custom_message=&#8221;%%Subject%%||et_pb_line_break_holder||||et_pb_line_break_holder||%%Message%%||et_pb_line_break_holder||||et_pb_line_break_holder||%%Name%%&#8221; _builder_version=&#8221;4.17.3&#8243; _module_preset=&#8221;default&#8221; _unique_id=&#8221;19bdae76-4770-435b-a7e8-b3473f6a5331&#8243; form_field_background_color=&#8221;#FFFFFF&#8221; form_field_text_color=&#8221;#000000&#8243; captcha_font=&#8221;Lora||||||||&#8221; captcha_font_size=&#8221;16px&#8221; custom_button=&#8221;on&#8221; button_text_color=&#8221;#FFFFFF&#8221; button_bg_color=&#8221;#f29c75&#8243; button_border_width=&#8221;0px&#8221; button_border_radius=&#8221;100px&#8221; button_font=&#8221;Lora||||||||&#8221; text_orientation=&#8221;left&#8221; width=&#8221;100%&#8221; min_height=&#8221;393.4px&#8221; custom_margin=&#8221;-3px||36px|||&#8221; custom_padding=&#8221;|34px|0px|0px||&#8221; border_radii=&#8221;on|3px|3px|3px|3px&#8221; border_width_all=&#8221;1px&#8221; border_color_all=&#8221;#f3efef&#8221; global_colors_info=&#8221;{}&#8221;][et_pb_contact_field field_id=&#8221;Name&#8221; field_title=&#8221;Nimi*&#8221; _builder_version=&#8221;4.17.3&#8243; form_field_text_color=&#8221;#000000&#8243; form_field_font=&#8221;Lora||||||||&#8221; form_field_text_align=&#8221;left&#8221; form_field_font_size=&#8221;16px&#8221; global_colors_info=&#8221;{}&#8221; button_text_size__hover_enabled=&#8221;off&#8221; button_one_text_size__hover_enabled=&#8221;off&#8221; button_two_text_size__hover_enabled=&#8221;off&#8221; button_text_color__hover_enabled=&#8221;off&#8221; button_one_text_color__hover_enabled=&#8221;off&#8221; button_two_text_color__hover_enabled=&#8221;off&#8221; button_border_width__hover_enabled=&#8221;off&#8221; button_one_border_width__hover_enabled=&#8221;off&#8221; button_two_border_width__hover_enabled=&#8221;off&#8221; button_border_color__hover_enabled=&#8221;off&#8221; button_one_border_color__hover_enabled=&#8221;off&#8221; button_two_border_color__hover_enabled=&#8221;off&#8221; button_border_radius__hover_enabled=&#8221;off&#8221; button_one_border_radius__hover_enabled=&#8221;off&#8221; button_two_border_radius__hover_enabled=&#8221;off&#8221; button_letter_spacing__hover_enabled=&#8221;off&#8221; button_one_letter_spacing__hover_enabled=&#8221;off&#8221; button_two_letter_spacing__hover_enabled=&#8221;off&#8221; button_bg_color__hover_enabled=&#8221;off&#8221; button_one_bg_color__hover_enabled=&#8221;off&#8221; button_two_bg_color__hover_enabled=&#8221;off&#8221;][\/et_pb_contact_field][et_pb_contact_field field_id=&#8221;Email&#8221; field_title=&#8221;S\u00e4hk\u00f6postiosoite*&#8221; field_type=&#8221;email&#8221; _builder_version=&#8221;4.17.3&#8243; form_field_font=&#8221;Lora||||||||&#8221; form_field_font_size=&#8221;16px&#8221; global_colors_info=&#8221;{}&#8221; button_text_size__hover_enabled=&#8221;off&#8221; button_one_text_size__hover_enabled=&#8221;off&#8221; button_two_text_size__hover_enabled=&#8221;off&#8221; button_text_color__hover_enabled=&#8221;off&#8221; button_one_text_color__hover_enabled=&#8221;off&#8221; button_two_text_color__hover_enabled=&#8221;off&#8221; button_border_width__hover_enabled=&#8221;off&#8221; button_one_border_width__hover_enabled=&#8221;off&#8221; button_two_border_width__hover_enabled=&#8221;off&#8221; button_border_color__hover_enabled=&#8221;off&#8221; button_one_border_color__hover_enabled=&#8221;off&#8221; button_two_border_color__hover_enabled=&#8221;off&#8221; button_border_radius__hover_enabled=&#8221;off&#8221; button_one_border_radius__hover_enabled=&#8221;off&#8221; button_two_border_radius__hover_enabled=&#8221;off&#8221; button_letter_spacing__hover_enabled=&#8221;off&#8221; button_one_letter_spacing__hover_enabled=&#8221;off&#8221; button_two_letter_spacing__hover_enabled=&#8221;off&#8221; button_bg_color__hover_enabled=&#8221;off&#8221; button_one_bg_color__hover_enabled=&#8221;off&#8221; button_two_bg_color__hover_enabled=&#8221;off&#8221;][\/et_pb_contact_field][et_pb_contact_field field_id=&#8221;Subject&#8221; field_title=&#8221;Otsikko*&#8221; fullwidth_field=&#8221;on&#8221; _builder_version=&#8221;4.17.3&#8243; _module_preset=&#8221;default&#8221; form_field_font=&#8221;Lora||||||||&#8221; form_field_font_size=&#8221;16px&#8221; global_colors_info=&#8221;{}&#8221;][\/et_pb_contact_field][et_pb_contact_field field_id=&#8221;Message&#8221; field_title=&#8221;Viesti*&#8221; field_type=&#8221;text&#8221; fullwidth_field=&#8221;on&#8221; _builder_version=&#8221;4.17.3&#8243; form_field_font=&#8221;Lora||||||||&#8221; form_field_font_size=&#8221;16px&#8221; global_colors_info=&#8221;{}&#8221; button_text_size__hover_enabled=&#8221;off&#8221; button_one_text_size__hover_enabled=&#8221;off&#8221; button_two_text_size__hover_enabled=&#8221;off&#8221; button_text_color__hover_enabled=&#8221;off&#8221; button_one_text_color__hover_enabled=&#8221;off&#8221; button_two_text_color__hover_enabled=&#8221;off&#8221; button_border_width__hover_enabled=&#8221;off&#8221; button_one_border_width__hover_enabled=&#8221;off&#8221; button_two_border_width__hover_enabled=&#8221;off&#8221; button_border_color__hover_enabled=&#8221;off&#8221; button_one_border_color__hover_enabled=&#8221;off&#8221; button_two_border_color__hover_enabled=&#8221;off&#8221; button_border_radius__hover_enabled=&#8221;off&#8221; button_one_border_radius__hover_enabled=&#8221;off&#8221; button_two_border_radius__hover_enabled=&#8221;off&#8221; button_letter_spacing__hover_enabled=&#8221;off&#8221; button_one_letter_spacing__hover_enabled=&#8221;off&#8221; button_two_letter_spacing__hover_enabled=&#8221;off&#8221; button_bg_color__hover_enabled=&#8221;off&#8221; button_one_bg_color__hover_enabled=&#8221;off&#8221; button_two_bg_color__hover_enabled=&#8221;off&#8221;][\/et_pb_contact_field][\/et_pb_contact_form][\/et_pb_column][\/et_pb_row][\/et_pb_section]<\/p>\n","protected":false},"excerpt":{"rendered":"<p>Ota yhteytt\u00e4 &nbsp; Otathan rohkeasti yhteytt\u00e4, jos sinulla on\u00a0ky\u00adsyt\u00adt\u00e4\u00adv\u00e4\u00e4\u00a0yh\u00addis\u00adtyk\u00adses\u00adt\u00e4,\u00a0tuot\u00adta\u00adjis\u00adta,\u00a0j\u00e4\u00adse\u00adnyy\u00addes\u00adt\u00e4\u00a0tai muusta\u00a0yh\u00adteis\u00adty\u00f6s\u00adt\u00e4. Voit ottaa yhteytt\u00e4 t\u00e4m\u00e4n lomakkeen kautta sek\u00e4\u00a0s\u00e4h\u00adk\u00f6\u00adpos\u00adtit\u00adse\u00a0info@suo\u00admi\u00adruo\u00adkaa.fi Vastaamme\u00a0vies\u00adtei\u00adhin\u00a0maa\u00adnan\u00adtai\u00adsin,\u00a0kes\u00adki\u00adviik\u00adkoi\u00adsin\u00a0ja\u00a0per\u00adjan\u00adtai\u00adsin.<\/p>\n","protected":false},"author":3,"featured_media":0,"parent":0,"menu_order":0,"comment_status":"closed","ping_status":"closed","template":"","meta":{"_et_pb_use_builder":"on","_et_pb_old_content":"","_et_gb_content_width":"","footnotes":""},"class_list":["post-201","page","type-page","status-publish","hentry"],"_links":{"self":[{"href":"https:\/\/www.suomiruokaa.fi\/index.php\/wp-json\/wp\/v2\/pages\/201","targetHints":{"allow":["GET"]}}],"collection":[{"href":"https:\/\/www.suomiruokaa.fi\/index.php\/wp-json\/wp\/v2\/pages"}],"about":[{"href":"https:\/\/www.suomiruokaa.fi\/index.php\/wp-json\/wp\/v2\/types\/page"}],"author":[{"embeddable":true,"href":"https:\/\/www.suomiruokaa.fi\/index.php\/wp-json\/wp\/v2\/users\/3"}],"replies":[{"embeddable":true,"href":"https:\/\/www.suomiruokaa.fi\/index.php\/wp-json\/wp\/v2\/comments?post=201"}],"version-history":[{"count":23,"href":"https:\/\/www.suomiruokaa.fi\/index.php\/wp-json\/wp\/v2\/pages\/201\/revisions"}],"predecessor-version":[{"id":848,"href":"https:\/\/www.suomiruokaa.fi\/index.php\/wp-json\/wp\/v2\/pages\/201\/revisions\/848"}],"wp:attachment":[{"href":"https:\/\/www.suomiruokaa.fi\/index.php\/wp-json\/wp\/v2\/media?parent=201"}],"curies":[{"name":"wp","href":"https:\/\/api.w.org\/{rel}","templated":true}]}}