{"id":195,"date":"2022-07-11T16:00:21","date_gmt":"2022-07-11T16:00:21","guid":{"rendered":"http:\/\/demo.aival.fi\/?page_id=195"},"modified":"2025-05-15T07:27:29","modified_gmt":"2025-05-15T07:27:29","slug":"tietosuojaseloste","status":"publish","type":"page","link":"https:\/\/www.suomiruokaa.fi\/index.php\/tietosuojaseloste\/","title":{"rendered":"Tie\u00adto\u00adsuo\u00adja\u00adse\u00adlos\u00adte"},"content":{"rendered":"<p>[et_pb_section fb_built=&#8221;1&#8243; _builder_version=&#8221;4.22.1&#8243; _module_preset=&#8221;default&#8221; hover_enabled=&#8221;0&#8243; global_colors_info=&#8221;{}&#8221; background_color=&#8221;#f3efef&#8221; sticky_enabled=&#8221;0&#8243;][et_pb_row _builder_version=&#8221;4.17.3&#8243; _module_preset=&#8221;default&#8221; global_colors_info=&#8221;{}&#8221;][et_pb_column type=&#8221;4_4&#8243; _builder_version=&#8221;4.17.3&#8243; _module_preset=&#8221;default&#8221; global_colors_info=&#8221;{}&#8221;][et_pb_text _builder_version=&#8221;4.17.3&#8243; _module_preset=&#8221;default&#8221; text_font=&#8221;Lora||||||||&#8221; text_text_color=&#8221;#000000&#8243; text_font_size=&#8221;18px&#8221; header_2_font=&#8221;Lora|700|||||||&#8221; header_2_font_size=&#8221;27px&#8221; global_colors_info=&#8221;{}&#8221;]<\/p>\n<div class=\"col-10 col-lg-8 w_r6 d_dv d_cs d_cg\">\n<h2><span class=\"hyphen\">Tie\u00adto\u00adsuo\u00adja\u00adse\u00adlos\u00adte<\/span><\/h2>\n<p><span class=\"hyphen\"><\/span><\/p>\n<p><span class=\"hyphen\"><\/span><\/p>\n<p><span class=\"hyphen\"><\/span><\/p>\n<p><span class=\"hyphen\"><\/span><\/p>\n<\/div>\n<div class=\"col-10 col-lg-8 w_r6 d_dv d_cs d_cg\">\n<div>\n<h2 class=\"t\"><span class=\"hyphen\">Re\u00adkis\u00adte\u00adrin\u00adpi\u00adt\u00e4\u00adj\u00e4<\/span><\/h2>\n<p><span class=\"hyphen\">Suo\u00admi\u00adruo\u00adkaa<\/span><span>\u00a0<\/span>ry<br \/><span class=\"hyphen\">Pos\u00adtio\u00adsoi\u00adte:<\/span><span>\u00a0<\/span><span class=\"hyphen\">Lai\u00adta\u00adkan\u00adkaan\u00adtie<\/span><span>\u00a0<\/span>82, 82220<span>\u00a0<\/span><span class=\"hyphen\">Niit\u00adty\u00adlah\u00adti<\/span><br \/>Puh. 040 042 9652<\/p>\n<h2 class=\"t\"><span class=\"hyphen\">Re\u00adkis\u00adte\u00adrin\u00adpi\u00adt\u00e4\u00adj\u00e4n<\/span><span>\u00a0<\/span>edustaja ja<span>\u00a0<\/span><span class=\"hyphen\">tie\u00adto\u00adsuo\u00adja\u00advas\u00adtaa\u00adva<\/span><\/h2>\n<p>Tiltu Taimela<br \/><span class=\"hyphen\">info@suo\u00admi\u00adruo\u00adkaa.fi<\/span><br \/>Puh. 050 362 6199<\/p>\n<h2 class=\"t\"><span class=\"hyphen\">Hen\u00adki\u00adl\u00f6\u00adtie\u00adto\u00adjen<\/span><span>\u00a0<\/span><span class=\"hyphen\">k\u00e4\u00adsit\u00adte\u00adlyn<\/span><span>\u00a0<\/span>tarkoitus ja<span>\u00a0<\/span><span class=\"hyphen\">k\u00e4\u00adsit\u00adte\u00adlyn<\/span><span>\u00a0<\/span><span class=\"hyphen\">oi\u00adkeus\u00adpe\u00adrus\u00adte<\/span><\/h2>\n<p><span class=\"hyphen\">Hen\u00adki\u00adl\u00f6\u00adtie\u00adto\u00adja<\/span><span>\u00a0<\/span>tarvitaan, nimi ja<span>\u00a0<\/span><span class=\"hyphen\">s\u00e4h\u00adk\u00f6\u00adpos\u00adti,<\/span><span>\u00a0<\/span>jotta<span>\u00a0<\/span><span class=\"hyphen\">re\u00adkis\u00adte\u00adrin\u00adpi\u00adt\u00e4\u00adj\u00e4<\/span><span>\u00a0<\/span>voi t\u00e4ytt\u00e4\u00e4<span>\u00a0<\/span><span class=\"hyphen\">j\u00e4\u00adsen\u00adsuh\u00adtee\u00adseen<\/span><span>\u00a0<\/span>liittyv\u00e4t<span>\u00a0<\/span><span class=\"hyphen\">vel\u00advoit\u00adteet,<\/span><span>\u00a0<\/span>kuten<span>\u00a0<\/span><span class=\"hyphen\">s\u00e4h\u00adk\u00f6\u00adpos\u00adtit\u00adse<\/span><span>\u00a0<\/span><span class=\"hyphen\">ta\u00adpah\u00adtu\u00advan<\/span><span>\u00a0<\/span><span class=\"hyphen\">tie\u00addot\u00adta\u00admi\u00adsen.<\/span><span>\u00a0<\/span>\u00a0Ilman<span>\u00a0<\/span><span class=\"hyphen\">tar\u00advit\u00adta\u00advia<\/span><span>\u00a0<\/span>tietoja<span>\u00a0<\/span><span class=\"hyphen\">re\u00adkis\u00adte\u00adrin\u00adpi\u00adt\u00e4\u00adj\u00e4<\/span><span>\u00a0<\/span>ei voi tarjota<span>\u00a0<\/span><span class=\"hyphen\">j\u00e4\u00adse\u00adnyy\u00adden<\/span><span>\u00a0<\/span>etuja.<\/p>\n<p><span style=\"font-size: 18px;\">Asiakkaan<\/span><span style=\"font-size: 18px;\">\u00a0<\/span><span class=\"hyphen\" style=\"font-size: 18px;\">hen\u00adki\u00adl\u00f6\u00adtie\u00adto\u00adja<\/span><span style=\"font-size: 18px;\">\u00a0<\/span><span style=\"font-size: 18px;\">voidaan k\u00e4sitell\u00e4 seuraavia<\/span><span style=\"font-size: 18px;\">\u00a0<\/span><span class=\"hyphen\" style=\"font-size: 18px;\">tar\u00adkoi\u00adtuk\u00adsia<\/span><span style=\"font-size: 18px;\">\u00a0<\/span><span style=\"font-size: 18px;\">varten:<\/span><\/p>\n<p><span class=\"hyphen\">j\u00e4\u00adse\u00adnyy\u00adden<\/span><span>\u00a0<\/span>tai muun<span>\u00a0<\/span><span class=\"hyphen\">asial\u00adli\u00adseen<\/span><span>\u00a0<\/span>yhteyteen<span>\u00a0<\/span><span class=\"hyphen\">pe\u00adrus\u00adtu\u00advan<\/span><span>\u00a0<\/span>suhteen<span>\u00a0<\/span><span class=\"hyphen\">hoi\u00adta\u00admi\u00adnen<\/span><span>\u00a0<\/span>ja<span>\u00a0<\/span><span class=\"hyphen\">hal\u00adlin\u00adnoin\u00adti<br \/><\/span><span class=\"hyphen\" style=\"font-size: 18px;\">ana\u00adly\u00adsoin\u00adti<\/span><span style=\"font-size: 18px;\">\u00a0<\/span><span style=\"font-size: 18px;\">ja<\/span><span style=\"font-size: 18px;\">\u00a0<\/span><span class=\"hyphen\" style=\"font-size: 18px;\">ti\u00adlas\u00adtoin\u00adti<br \/><\/span><span style=\"font-size: 18px;\">muut vastaavat<\/span><span style=\"font-size: 18px;\">\u00a0<\/span><span class=\"hyphen\" style=\"font-size: 18px;\">k\u00e4yt\u00adt\u00f6\u00adtar\u00adkoi\u00adtuk\u00adset,<\/span><span style=\"font-size: 18px;\">\u00a0<\/span><span style=\"font-size: 18px;\">jotka eiv\u00e4t ole<\/span><span style=\"font-size: 18px;\">\u00a0<\/span><span class=\"hyphen\" style=\"font-size: 18px;\">ris\u00adti\u00adrii\u00addas\u00adsa<\/span><span style=\"font-size: 18px;\">\u00a0<\/span><span style=\"font-size: 18px;\">edell\u00e4<\/span><span style=\"font-size: 18px;\">\u00a0<\/span><span class=\"hyphen\" style=\"font-size: 18px;\">ku\u00advat\u00adtu\u00adjen<\/span><span style=\"font-size: 18px;\">\u00a0<\/span><span class=\"hyphen\" style=\"font-size: 18px;\">k\u00e4yt\u00adt\u00f6\u00adtar\u00adkoi\u00adtus\u00adten<\/span><span style=\"font-size: 18px;\">\u00a0<\/span><span style=\"font-size: 18px;\">kanssa.<\/span><\/p>\n<h2 class=\"t\"><span class=\"hyphen\">Tie\u00adto\u00adl\u00e4h\u00adteet<\/span><\/h2>\n<p><span class=\"hyphen\">Re\u00adkis\u00adte\u00adr\u00f6i\u00adty\u00adj\u00e4<\/span><span>\u00a0<\/span>koskevia tietoja saadaan<span>\u00a0<\/span><span class=\"hyphen\">ai\u00adnoas\u00adtaan<\/span>\u00a0<span class=\"hyphen\">re\u00adkis\u00adte\u00adr\u00f6i\u00addyl\u00adt\u00e4<\/span><span>\u00a0<\/span>itselt\u00e4\u00e4n.<\/p>\n<h2 class=\"t\"><span class=\"hyphen\">Hen\u00adki\u00adl\u00f6\u00adtie\u00adto\u00adjen<\/span><span>\u00a0<\/span><span class=\"hyphen\">luo\u00advut\u00adta\u00admi\u00adnen<\/span><span>\u00a0<\/span><span class=\"hyphen\">ul\u00adko\u00adpuo\u00adli\u00adsil\u00adle<\/span><\/h2>\n<p><span class=\"hyphen\">Hen\u00adki\u00adl\u00f6\u00adtie\u00adto\u00adja<\/span><span>\u00a0<\/span>voidaan luovuttaa<span>\u00a0<\/span><span class=\"hyphen\">ai\u00adnoas\u00adtaan<\/span><span>\u00a0<\/span><span class=\"hyphen\">kul\u00adloin\u00adkin<\/span><span>\u00a0<\/span><span class=\"hyphen\">voi\u00admas\u00adsao\u00adle\u00advan<\/span><span>\u00a0<\/span><span class=\"hyphen\">lain\u00ads\u00e4\u00e4\u00add\u00e4n\u00adn\u00f6n<\/span><span>\u00a0<\/span><span class=\"hyphen\">sal\u00adli\u00admis\u00adsa<\/span><span>\u00a0<\/span>ja<span>\u00a0<\/span><span class=\"hyphen\">vel\u00advoit\u00adta\u00admis\u00adsa<\/span><span>\u00a0<\/span>rajoissa.<br \/><span style=\"font-size: 18px;\">Muihin kuin \u00a0edell\u00e4<\/span><span style=\"font-size: 18px;\">\u00a0<\/span><span class=\"hyphen\" style=\"font-size: 18px;\">mai\u00adnit\u00adtui\u00adhin<\/span><span style=\"font-size: 18px;\">\u00a0<\/span><span class=\"hyphen\" style=\"font-size: 18px;\">tar\u00adkoi\u00adtuk\u00adsiin<\/span><span style=\"font-size: 18px;\">\u00a0<\/span><span class=\"hyphen\" style=\"font-size: 18px;\">hen\u00adki\u00adl\u00f6\u00adtie\u00adto\u00adja<\/span><span style=\"font-size: 18px;\">\u00a0<\/span><span style=\"font-size: 18px;\">ei<\/span><span style=\"font-size: 18px;\">\u00a0<\/span><span class=\"hyphen\" style=\"font-size: 18px;\">s\u00e4\u00e4n\u00adn\u00f6n\u00admu\u00adkai\u00adses\u00adti<\/span><span style=\"font-size: 18px;\">\u00a0<\/span><span style=\"font-size: 18px;\">\u00a0luovuteta.<\/span><\/p>\n<p><span style=\"font-size: 18px;\">Lis\u00e4ksi<\/span><span style=\"font-size: 18px;\">\u00a0<\/span><span class=\"hyphen\" style=\"font-size: 18px;\">re\u00adkis\u00adte\u00adrin\u00adpi\u00adt\u00e4\u00adj\u00e4<\/span><span style=\"font-size: 18px;\">\u00a0<\/span><span style=\"font-size: 18px;\">voi \u00a0luovuttaa tietoja mm.<\/span><span style=\"font-size: 18px;\">\u00a0<\/span><span class=\"hyphen\" style=\"font-size: 18px;\">ti\u00adlas\u00adtoin\u00adti-<\/span><span style=\"font-size: 18px;\">\u00a0<\/span><span style=\"font-size: 18px;\">ja<\/span><span style=\"font-size: 18px;\">\u00a0<\/span><span class=\"hyphen\" style=\"font-size: 18px;\">ana\u00adly\u00adsoin\u00adti\u00adtar\u00adkoi\u00adtuk\u00adsiin<\/span><span style=\"font-size: 18px;\">\u00a0<\/span><span style=\"font-size: 18px;\">siten, \u00a0etteiv\u00e4t<\/span><span style=\"font-size: 18px;\">\u00a0<\/span><span class=\"hyphen\" style=\"font-size: 18px;\">luo\u00advu\u00adtet\u00adta\u00adva<\/span><span style=\"font-size: 18px;\">\u00a0<\/span><span style=\"font-size: 18px;\">tiedot ole<\/span><span style=\"font-size: 18px;\">\u00a0<\/span><span class=\"hyphen\" style=\"font-size: 18px;\">yh\u00addis\u00adtet\u00adt\u00e4\u00advis\u00ads\u00e4<\/span><span style=\"font-size: 18px;\">\u00a0<\/span><span class=\"hyphen\" style=\"font-size: 18px;\">yk\u00adsit\u00adt\u00e4i\u00adseen<\/span><span style=\"font-size: 18px;\">\u00a0<\/span><span style=\"font-size: 18px;\">henkil\u00f6\u00f6n.<\/span><\/p>\n<h2 class=\"t\"><span class=\"hyphen\">Hen\u00adki\u00adl\u00f6\u00adtie\u00adto\u00adjen<\/span><span>\u00a0<\/span><span class=\"hyphen\">siir\u00adt\u00e4\u00admi\u00adnen<\/span><span>\u00a0<\/span>EU:n tai ETAn<span>\u00a0<\/span><span class=\"hyphen\">ul\u00adko\u00adpuo\u00adlel\u00adle<\/span><span>\u00a0<\/span>tai<span><br \/><\/span><span class=\"hyphen\">kan\u00adsain\u00adv\u00e4\u00adli\u00adsel\u00adle<\/span><span>\u00a0<\/span><span class=\"hyphen\">j\u00e4r\u00adjes\u00adt\u00f6l\u00adle<\/span><\/h2>\n<p>Tietoja ei siirret\u00e4 EU:n tai ETAn<span>\u00a0<\/span><span class=\"hyphen\">ul\u00adko\u00adpuo\u00adlel\u00adle<\/span><span>\u00a0<\/span>eik\u00e4<span>\u00a0<\/span><span class=\"hyphen\">kan\u00adsain\u00adv\u00e4\u00adli\u00adsil\u00adle<\/span><span>\u00a0<\/span><span class=\"hyphen\">j\u00e4r\u00adjes\u00adt\u00f6il\u00adle.<\/span><\/p>\n<h2 class=\"t\"><span class=\"hyphen\">Hen\u00adki\u00adl\u00f6\u00adtie\u00adto\u00adjen<\/span><span>\u00a0<\/span><span class=\"hyphen\">s\u00e4i\u00adly\u00adty\u00adsa\u00adjat<\/span><\/h2>\n<p><span class=\"hyphen\">Re\u00adkis\u00adte\u00adrin<\/span><span>\u00a0<\/span>\u00a0<span class=\"hyphen\">si\u00ads\u00e4l\u00adt\u00e4\u00admien<\/span><span>\u00a0<\/span><span class=\"hyphen\">hen\u00adki\u00adl\u00f6\u00adtie\u00adto\u00adjen<\/span><span>\u00a0<\/span><span class=\"hyphen\">s\u00e4i\u00adly\u00adty\u00adsai\u00adka<\/span><span>\u00a0<\/span>on viisi vuotta.<\/p>\n<h2 class=\"t\"><span class=\"hyphen\">Pro\u00adfi\u00adloin\u00adti<\/span><span>\u00a0<\/span>ja<span>\u00a0<\/span><span class=\"hyphen\">au\u00adto\u00admaat\u00adti\u00adnen<\/span><span>\u00a0<\/span><span class=\"hyphen\">p\u00e4\u00e4\u00adt\u00f6k\u00adsen\u00adte\u00adko<\/span><\/h2>\n<p><span class=\"hyphen\">Re\u00adkis\u00adte\u00adrin<\/span><span>\u00a0<\/span><span class=\"hyphen\">si\u00ads\u00e4l\u00adt\u00e4\u00admi\u00e4<\/span><span>\u00a0<\/span>tietoja ei k\u00e4ytet\u00e4<span>\u00a0<\/span><span class=\"hyphen\">pro\u00adfi\u00adloin\u00adtiin,<\/span><span>\u00a0<\/span>eik\u00e4 tietoihin<span>\u00a0<\/span><span class=\"hyphen\">koh\u00addis\u00adte\u00adta<\/span><span>\u00a0<\/span><span class=\"hyphen\">au\u00adto\u00admaat\u00adti\u00adseen<\/span><span>\u00a0<\/span><span class=\"hyphen\">p\u00e4\u00e4\u00adt\u00f6k\u00adsen\u00adte\u00adkoa.<\/span><\/p>\n<h2 class=\"t\">Omien tietojen tarkastus-, kielto- ja<span>\u00a0<\/span><span class=\"hyphen\">kor\u00adjausoi\u00adkeus<\/span><\/h2>\n<p><span class=\"hyphen\">Re\u00adkis\u00adte\u00adr\u00f6i\u00addyl\u00adl\u00e4<\/span><span>\u00a0<\/span>on \u00a0<span class=\"hyphen\">hen\u00adki\u00adl\u00f6\u00adtie\u00adto\u00adlain<\/span><span>\u00a0<\/span>mukainen oikeus tarkistaa, mit\u00e4 tietoja h\u00e4nest\u00e4 on \u00a0<span class=\"hyphen\">tal\u00adle\u00adtet\u00adtu<\/span><span>\u00a0<\/span><span class=\"hyphen\">re\u00adkis\u00adte\u00adriin<\/span><span>\u00a0<\/span><span class=\"hyphen\">l\u00e4\u00adhet\u00adt\u00e4\u00adm\u00e4l\u00adl\u00e4<\/span><span>\u00a0<\/span><span class=\"hyphen\">re\u00adkis\u00adte\u00adrin\u00adpi\u00adt\u00e4\u00adj\u00e4l\u00adle<\/span><span>\u00a0<\/span><span class=\"hyphen\">tar\u00adkas\u00adtus\u00adpyyn\u00adt\u00f6.<\/span><span>\u00a0<\/span>\u00a0<span class=\"hyphen\">Tar\u00adkas\u00adtus\u00adpyyn\u00adn\u00f6n<\/span><span>\u00a0<\/span>tulee olla<span>\u00a0<\/span><span class=\"hyphen\">kir\u00adjal\u00adli\u00adnen<\/span><span>\u00a0<\/span>ja<span>\u00a0<\/span><span class=\"hyphen\">al\u00adle\u00adkir\u00adjoi\u00adtet\u00adtu<\/span><span>\u00a0<\/span>tai se \u00a0voidaan<span>\u00a0<\/span><span class=\"hyphen\">vaih\u00adtoeh\u00adtoi\u00adses\u00adti<\/span><span>\u00a0<\/span>tehd\u00e4<span>\u00a0<\/span><span class=\"hyphen\">hen\u00adki\u00adl\u00f6\u00adkoh\u00adtai\u00adses\u00adti<\/span><span>\u00a0<\/span><span class=\"hyphen\">re\u00adkis\u00adte\u00adrin\u00adpi\u00adt\u00e4\u00adj\u00e4n<\/span><span>\u00a0<\/span> luona. <span class=\"hyphen\" style=\"font-size: 18px;\">Re\u00adkis\u00adte\u00adr\u00f6i\u00addyl\u00adl\u00e4<\/span><span style=\"font-size: 18px;\">\u00a0<\/span><span style=\"font-size: 18px;\">on oikeus kielt\u00e4\u00e4 h\u00e4nt\u00e4 koskevien tietojen \u00a0k\u00e4sittely ja<\/span><span style=\"font-size: 18px;\">\u00a0<\/span><span class=\"hyphen\" style=\"font-size: 18px;\">luo\u00advut\u00adta\u00admi\u00adnen<\/span><span style=\"font-size: 18px;\">\u00a0<\/span><span class=\"hyphen\" style=\"font-size: 18px;\">suo\u00adra\u00admai\u00adnon\u00adtaa,<\/span><span style=\"font-size: 18px;\">\u00a0<\/span><span class=\"hyphen\" style=\"font-size: 18px;\">et\u00e4\u00admyyn\u00adti\u00e4<\/span><span style=\"font-size: 18px;\">\u00a0<\/span><span style=\"font-size: 18px;\">ja <\/span><span class=\"hyphen\" style=\"font-size: 18px;\">suo\u00adra\u00admark\u00adki\u00adnoin\u00adtia<\/span><span style=\"font-size: 18px;\">\u00a0<\/span><span style=\"font-size: 18px;\">sek\u00e4 markkina- ja<\/span><span style=\"font-size: 18px;\">\u00a0<\/span><span class=\"hyphen\" style=\"font-size: 18px;\">mie\u00adli\u00adpi\u00adde\u00adtut\u00adki\u00admuk\u00adsia<\/span><span style=\"font-size: 18px;\">\u00a0<\/span><span style=\"font-size: 18px;\">varten ottamalla yhteytt\u00e4<\/span><span style=\"font-size: 18px;\">\u00a0<\/span><span class=\"hyphen\" style=\"font-size: 18px;\">re\u00adkis\u00adte\u00adrin\u00adpi\u00adt\u00e4\u00adj\u00e4\u00e4n.<\/span><\/p>\n<p><span class=\"hyphen\" style=\"font-size: 18px;\">Re\u00adkis\u00adte\u00adr\u00f6i\u00addyl\u00adl\u00e4<\/span><span style=\"font-size: 18px;\">\u00a0<\/span><span style=\"font-size: 18px;\">on my\u00f6s oikeus vaatia<\/span><span style=\"font-size: 18px;\">\u00a0<\/span><span class=\"hyphen\" style=\"font-size: 18px;\">vir\u00adheel\u00adli\u00adsen<\/span><span style=\"font-size: 18px;\">\u00a0<\/span><span style=\"font-size: 18px;\">tiedon<\/span><span style=\"font-size: 18px;\">\u00a0<\/span><span class=\"hyphen\" style=\"font-size: 18px;\">kor\u00adjaa\u00admis\u00adta<\/span><span style=\"font-size: 18px;\">\u00a0<\/span><span style=\"font-size: 18px;\">ottamalla yhteys \u00a0<\/span><span class=\"hyphen\" style=\"font-size: 18px;\">re\u00adkis\u00adte\u00adrin\u00adpi\u00adt\u00e4\u00adj\u00e4\u00e4n.<\/span><\/p>\n<h2 class=\"t\">Oikeus tietojen<span>\u00a0<\/span><span class=\"hyphen\">kor\u00adjaa\u00admi\u00adseen<\/span><\/h2>\n<p><span class=\"hyphen\">Re\u00adkis\u00adte\u00adr\u00f6i\u00addyl\u00adl\u00e4<\/span><span>\u00a0<\/span>\u00a0on oikeus vaatia, ett\u00e4<span>\u00a0<\/span><span class=\"hyphen\">re\u00adkis\u00adte\u00adrin\u00adpi\u00adt\u00e4\u00adj\u00e4<\/span><span>\u00a0<\/span>korjaa ilman<span>\u00a0<\/span><span class=\"hyphen\">ai\u00adhee\u00adton\u00adta<\/span><span>\u00a0<\/span>\u00a0<span class=\"hyphen\">vii\u00advy\u00adtys\u00adt\u00e4<\/span><span>\u00a0<\/span>h\u00e4nt\u00e4 koskevat ep\u00e4tarkat ja<span>\u00a0<\/span><span class=\"hyphen\">vir\u00adheel\u00adli\u00adset<\/span><span>\u00a0<\/span><span class=\"hyphen\">hen\u00adki\u00adl\u00f6\u00adtie\u00addot.<\/span><\/p>\n<h2 class=\"t\">Oikeus<span>\u00a0<\/span><span class=\"hyphen\">k\u00e4\u00adsit\u00adte\u00adlyn<\/span><span>\u00a0<\/span><span class=\"hyphen\">ra\u00adjoit\u00adta\u00admi\u00adseen<\/span><\/h2>\n<p><span class=\"hyphen\">Re\u00adkis\u00adte\u00adr\u00f6i\u00addyl\u00adl\u00e4<\/span><span>\u00a0<\/span>\u00a0on oikeus siihen, ett\u00e4<span>\u00a0<\/span><span class=\"hyphen\">re\u00adkis\u00adte\u00adrin\u00adpi\u00adt\u00e4\u00adj\u00e4<\/span><span>\u00a0<\/span>rajoittaa tiedon<span>\u00a0<\/span><span class=\"hyphen\">k\u00e4\u00adsit\u00adte\u00adly\u00e4,<\/span><span>\u00a0<\/span>\u00a0jos<span>\u00a0<\/span><span class=\"hyphen\">re\u00adkis\u00adte\u00adr\u00f6i\u00adty<\/span><span>\u00a0<\/span>kiist\u00e4\u00e4<span>\u00a0<\/span><span class=\"hyphen\">hen\u00adki\u00adl\u00f6\u00adtie\u00adto\u00adjen<\/span><span>\u00a0<\/span><span class=\"hyphen\">paik\u00adkan\u00adsa\u00adpi\u00adt\u00e4\u00advyy\u00adden.<\/span><span>\u00a0<\/span>Tarkoitus \u00a0on, ett\u00e4<span>\u00a0<\/span><span class=\"hyphen\">k\u00e4\u00adsit\u00adte\u00adly\u00e4<\/span><span>\u00a0<\/span><span class=\"hyphen\">ra\u00adjoi\u00adte\u00adtaan<\/span><span>\u00a0<\/span>ajaksi, jonka kuluessa<span>\u00a0<\/span><span class=\"hyphen\">re\u00adkis\u00adte\u00adrin\u00adpi\u00adt\u00e4\u00adj\u00e4<\/span><span>\u00a0<\/span>\u00a0voi varmistaa tiedon<span>\u00a0<\/span><span class=\"hyphen\">paik\u00adkan\u00adsa\u00adpi\u00adt\u00e4\u00advyy\u00adden.<\/span><\/p>\n<h2 class=\"t\">Oikeus tehd\u00e4 valitus<span>\u00a0<\/span><span class=\"hyphen\">val\u00advon\u00adta\u00advi\u00adran\u00adomai\u00adsel\u00adle<\/span><\/h2>\n<p><span class=\"hyphen\">Re\u00adkis\u00adte\u00adr\u00f6i\u00addyl\u00adl\u00e4<\/span><span>\u00a0<\/span>on oikeus tehd\u00e4 valitus<span>\u00a0<\/span><span class=\"hyphen\">val\u00advon\u00adta\u00advi\u00adran\u00adomai\u00adsel\u00adle<\/span><span>\u00a0<\/span><span class=\"hyphen\">(tie\u00adto\u00adsuo\u00adja\u00adval\u00adtuu\u00adte\u00adtun<\/span><span>\u00a0<\/span><span class=\"hyphen\">toi\u00admis\u00adtol\u00adle).<\/span><\/p>\n<\/div>\n<\/div>\n<p>[\/et_pb_text][\/et_pb_column][\/et_pb_row][\/et_pb_section]<\/p>\n","protected":false},"excerpt":{"rendered":"<p>Tie\u00adto\u00adsuo\u00adja\u00adse\u00adlos\u00adte Re\u00adkis\u00adte\u00adrin\u00adpi\u00adt\u00e4\u00adj\u00e4 Suo\u00admi\u00adruo\u00adkaa\u00a0ryPos\u00adtio\u00adsoi\u00adte:\u00a0Lai\u00adta\u00adkan\u00adkaan\u00adtie\u00a082, 82220\u00a0Niit\u00adty\u00adlah\u00adtiPuh. 040 042 9652 Re\u00adkis\u00adte\u00adrin\u00adpi\u00adt\u00e4\u00adj\u00e4n\u00a0edustaja ja\u00a0tie\u00adto\u00adsuo\u00adja\u00advas\u00adtaa\u00adva Tiltu Taimelainfo@suo\u00admi\u00adruo\u00adkaa.fiPuh. 050 362 6199 Hen\u00adki\u00adl\u00f6\u00adtie\u00adto\u00adjen\u00a0k\u00e4\u00adsit\u00adte\u00adlyn\u00a0tarkoitus ja\u00a0k\u00e4\u00adsit\u00adte\u00adlyn\u00a0oi\u00adkeus\u00adpe\u00adrus\u00adte Hen\u00adki\u00adl\u00f6\u00adtie\u00adto\u00adja\u00a0tarvitaan, nimi ja\u00a0s\u00e4h\u00adk\u00f6\u00adpos\u00adti,\u00a0jotta\u00a0re\u00adkis\u00adte\u00adrin\u00adpi\u00adt\u00e4\u00adj\u00e4\u00a0voi t\u00e4ytt\u00e4\u00e4\u00a0j\u00e4\u00adsen\u00adsuh\u00adtee\u00adseen\u00a0liittyv\u00e4t\u00a0vel\u00advoit\u00adteet,\u00a0kuten\u00a0s\u00e4h\u00adk\u00f6\u00adpos\u00adtit\u00adse\u00a0ta\u00adpah\u00adtu\u00advan\u00a0tie\u00addot\u00adta\u00admi\u00adsen.\u00a0\u00a0Ilman\u00a0tar\u00advit\u00adta\u00advia\u00a0tietoja\u00a0re\u00adkis\u00adte\u00adrin\u00adpi\u00adt\u00e4\u00adj\u00e4\u00a0ei voi tarjota\u00a0j\u00e4\u00adse\u00adnyy\u00adden\u00a0etuja. Asiakkaan\u00a0hen\u00adki\u00adl\u00f6\u00adtie\u00adto\u00adja\u00a0voidaan k\u00e4sitell\u00e4 seuraavia\u00a0tar\u00adkoi\u00adtuk\u00adsia\u00a0varten: j\u00e4\u00adse\u00adnyy\u00adden\u00a0tai muun\u00a0asial\u00adli\u00adseen\u00a0yhteyteen\u00a0pe\u00adrus\u00adtu\u00advan\u00a0suhteen\u00a0hoi\u00adta\u00admi\u00adnen\u00a0ja\u00a0hal\u00adlin\u00adnoin\u00adtiana\u00adly\u00adsoin\u00adti\u00a0ja\u00a0ti\u00adlas\u00adtoin\u00adtimuut vastaavat\u00a0k\u00e4yt\u00adt\u00f6\u00adtar\u00adkoi\u00adtuk\u00adset,\u00a0jotka eiv\u00e4t ole\u00a0ris\u00adti\u00adrii\u00addas\u00adsa\u00a0edell\u00e4\u00a0ku\u00advat\u00adtu\u00adjen\u00a0k\u00e4yt\u00adt\u00f6\u00adtar\u00adkoi\u00adtus\u00adten\u00a0kanssa. Tie\u00adto\u00adl\u00e4h\u00adteet Re\u00adkis\u00adte\u00adr\u00f6i\u00adty\u00adj\u00e4\u00a0koskevia tietoja saadaan\u00a0ai\u00adnoas\u00adtaan\u00a0re\u00adkis\u00adte\u00adr\u00f6i\u00addyl\u00adt\u00e4\u00a0itselt\u00e4\u00e4n. Hen\u00adki\u00adl\u00f6\u00adtie\u00adto\u00adjen\u00a0luo\u00advut\u00adta\u00admi\u00adnen\u00a0ul\u00adko\u00adpuo\u00adli\u00adsil\u00adle Hen\u00adki\u00adl\u00f6\u00adtie\u00adto\u00adja\u00a0voidaan luovuttaa\u00a0ai\u00adnoas\u00adtaan\u00a0kul\u00adloin\u00adkin\u00a0voi\u00admas\u00adsao\u00adle\u00advan\u00a0lain\u00ads\u00e4\u00e4\u00add\u00e4n\u00adn\u00f6n\u00a0sal\u00adli\u00admis\u00adsa\u00a0ja\u00a0vel\u00advoit\u00adta\u00admis\u00adsa\u00a0rajoissa.Muihin kuin \u00a0edell\u00e4\u00a0mai\u00adnit\u00adtui\u00adhin\u00a0tar\u00adkoi\u00adtuk\u00adsiin\u00a0hen\u00adki\u00adl\u00f6\u00adtie\u00adto\u00adja\u00a0ei\u00a0s\u00e4\u00e4n\u00adn\u00f6n\u00admu\u00adkai\u00adses\u00adti\u00a0\u00a0luovuteta. Lis\u00e4ksi\u00a0re\u00adkis\u00adte\u00adrin\u00adpi\u00adt\u00e4\u00adj\u00e4\u00a0voi \u00a0luovuttaa tietoja mm.\u00a0ti\u00adlas\u00adtoin\u00adti-\u00a0ja\u00a0ana\u00adly\u00adsoin\u00adti\u00adtar\u00adkoi\u00adtuk\u00adsiin\u00a0siten, \u00a0etteiv\u00e4t\u00a0luo\u00advu\u00adtet\u00adta\u00adva\u00a0tiedot ole\u00a0yh\u00addis\u00adtet\u00adt\u00e4\u00advis\u00ads\u00e4\u00a0yk\u00adsit\u00adt\u00e4i\u00adseen\u00a0henkil\u00f6\u00f6n. Hen\u00adki\u00adl\u00f6\u00adtie\u00adto\u00adjen\u00a0siir\u00adt\u00e4\u00admi\u00adnen\u00a0EU:n tai ETAn\u00a0ul\u00adko\u00adpuo\u00adlel\u00adle\u00a0taikan\u00adsain\u00adv\u00e4\u00adli\u00adsel\u00adle\u00a0j\u00e4r\u00adjes\u00adt\u00f6l\u00adle Tietoja ei siirret\u00e4 EU:n tai ETAn\u00a0ul\u00adko\u00adpuo\u00adlel\u00adle\u00a0eik\u00e4\u00a0kan\u00adsain\u00adv\u00e4\u00adli\u00adsil\u00adle\u00a0j\u00e4r\u00adjes\u00adt\u00f6il\u00adle. Hen\u00adki\u00adl\u00f6\u00adtie\u00adto\u00adjen\u00a0s\u00e4i\u00adly\u00adty\u00adsa\u00adjat [&hellip;]<\/p>\n","protected":false},"author":3,"featured_media":0,"parent":0,"menu_order":0,"comment_status":"closed","ping_status":"closed","template":"","meta":{"_et_pb_use_builder":"on","_et_pb_old_content":"","_et_gb_content_width":"","footnotes":""},"class_list":["post-195","page","type-page","status-publish","hentry"],"_links":{"self":[{"href":"https:\/\/www.suomiruokaa.fi\/index.php\/wp-json\/wp\/v2\/pages\/195","targetHints":{"allow":["GET"]}}],"collection":[{"href":"https:\/\/www.suomiruokaa.fi\/index.php\/wp-json\/wp\/v2\/pages"}],"about":[{"href":"https:\/\/www.suomiruokaa.fi\/index.php\/wp-json\/wp\/v2\/types\/page"}],"author":[{"embeddable":true,"href":"https:\/\/www.suomiruokaa.fi\/index.php\/wp-json\/wp\/v2\/users\/3"}],"replies":[{"embeddable":true,"href":"https:\/\/www.suomiruokaa.fi\/index.php\/wp-json\/wp\/v2\/comments?post=195"}],"version-history":[{"count":7,"href":"https:\/\/www.suomiruokaa.fi\/index.php\/wp-json\/wp\/v2\/pages\/195\/revisions"}],"predecessor-version":[{"id":768,"href":"https:\/\/www.suomiruokaa.fi\/index.php\/wp-json\/wp\/v2\/pages\/195\/revisions\/768"}],"wp:attachment":[{"href":"https:\/\/www.suomiruokaa.fi\/index.php\/wp-json\/wp\/v2\/media?parent=195"}],"curies":[{"name":"wp","href":"https:\/\/api.w.org\/{rel}","templated":true}]}}