{"id":183,"date":"2022-07-11T14:49:48","date_gmt":"2022-07-11T14:49:48","guid":{"rendered":"http:\/\/demo.aival.fi\/?page_id=183"},"modified":"2025-05-15T07:34:17","modified_gmt":"2025-05-15T07:34:17","slug":"yhteistyo","status":"publish","type":"page","link":"https:\/\/www.suomiruokaa.fi\/index.php\/yhteistyo\/","title":{"rendered":"Yh\u00adteis\u00adty\u00f6"},"content":{"rendered":"<p>[et_pb_section fb_built=&#8221;1&#8243; _builder_version=&#8221;4.22.1&#8243; _module_preset=&#8221;default&#8221; background_color=&#8221;#f3efef&#8221; hover_enabled=&#8221;0&#8243; global_colors_info=&#8221;{}&#8221; sticky_enabled=&#8221;0&#8243;][et_pb_row _builder_version=&#8221;4.17.3&#8243; _module_preset=&#8221;default&#8221; global_colors_info=&#8221;{}&#8221;][et_pb_column type=&#8221;4_4&#8243; _builder_version=&#8221;4.17.3&#8243; _module_preset=&#8221;default&#8221; global_colors_info=&#8221;{}&#8221;][et_pb_text _builder_version=&#8221;4.17.3&#8243; _module_preset=&#8221;default&#8221; text_font=&#8221;Lora||||||||&#8221; text_text_color=&#8221;#000000&#8243; text_font_size=&#8221;18px&#8221; header_2_font=&#8221;Lora|700|||||||&#8221; header_2_text_align=&#8221;center&#8221; header_2_text_color=&#8221;#748168&#8243; header_2_font_size=&#8221;40px&#8221; text_orientation=&#8221;center&#8221; global_colors_info=&#8221;{}&#8221;]<\/p>\n<div class=\"r_bP d_fq d_bD d_dw r_qg d_cr\">\n<h2><span class=\"hyphen\">Ti\u00adlayh\u00adteis\u00adty\u00f6<\/span><\/h2>\n<p><span class=\"hyphen\"><\/span><\/p>\n<p><span class=\"hyphen\"><\/span><\/p>\n<\/div>\n<div class=\"r_bP d_fq d_bD d_dw r_qh d_cx\">\n<div>\n<p>T\u00e4h\u00e4n p\u00e4ivit\u00e4mme yhteisty\u00f6tilamme:<\/p>\n<p>\u00a0<span style=\"font-size: 18px;\"><strong>M\u00e4ntyl\u00e4n tila<\/strong><\/span><span style=\"font-size: 18px;\">:\u00a0<\/span><span style=\"font-size: 18px;\">Joensuu<\/span><\/p>\n<p><strong>Lakeuden Highland<\/strong>:<span>\u00a0<\/span><a href=\"https:\/\/www.lakeudenhighland.fi\/\"><span>https:\/\/<\/span><span>www.lakeudenhighland.fi\/<\/span><\/a><span>\u00a0ja \u00a0<\/span><a href=\"https:\/\/www.facebook.com\/LakeudenHighland\" target=\"_blank\" rel=\"noopener\"><span>https:\/\/www.facebook.com\/LakeudenHi<\/span><span><u>g<\/u><\/span><span>hland<\/span><\/a><\/p>\n<p><span><strong>Paavolan tila<\/strong><\/span><span>:\u00a0 <a href=\"https:\/\/www.facebook.com\/Paavolan-tila-125678579231392\">https:\/\/www.facebook.com\/Paavolan-tila-125678579231392<\/a><\/span><\/p>\n<p><strong>Piiroom\u00e4en maatila<\/strong>: \u00a0<a href=\"https:\/\/www.facebook.com\/Piiroomaenmaatila\">https:\/\/www.facebook.com\/Piiroomaenmaatila<\/a><\/p>\n<p><strong>Soinilan tila:<span>\u00a0<\/span><\/strong><a href=\"https:\/\/www.soinilan.fi\/\">https:\/\/www.soinilan.fi\/<\/a><\/p>\n<p>&nbsp;<\/p>\n<p>&nbsp;<\/p>\n<\/div>\n<\/div>\n<p>[\/et_pb_text][\/et_pb_column][\/et_pb_row][et_pb_row _builder_version=&#8221;4.17.3&#8243; _module_preset=&#8221;default&#8221; global_colors_info=&#8221;{}&#8221;][et_pb_column type=&#8221;4_4&#8243; _builder_version=&#8221;4.17.3&#8243; _module_preset=&#8221;default&#8221; global_colors_info=&#8221;{}&#8221;][et_pb_text _builder_version=&#8221;4.17.3&#8243; _module_preset=&#8221;default&#8221; text_font=&#8221;Lora||||||||&#8221; text_text_color=&#8221;#000000&#8243; text_font_size=&#8221;18px&#8221; header_2_font=&#8221;Lora|700|||||||&#8221; header_2_text_align=&#8221;center&#8221; header_2_text_color=&#8221;#748168&#8243; header_2_font_size=&#8221;40px&#8221; text_orientation=&#8221;center&#8221; global_colors_info=&#8221;{}&#8221;]<\/p>\n<div class=\"C_bP d_fq d_bD d_dw\">\n<h2><span class=\"hyphen\">Yritysyh\u00adteis\u00adty\u00f6<\/span><\/h2>\n<p><span class=\"hyphen\"><\/span><\/p>\n<p><span class=\"hyphen\"><\/span><\/p>\n<p><span style=\"font-size: 18px;\">Yhteisty\u00f6ss\u00e4 kanssamme ovat:<\/span><br \/><span class=\"hyphen\"><\/span><\/p>\n<\/div>\n<p>[\/et_pb_text][\/et_pb_column][\/et_pb_row][et_pb_row column_structure=&#8221;1_4,1_4,1_4,1_4&#8243; _builder_version=&#8221;4.17.3&#8243; _module_preset=&#8221;default&#8221; locked=&#8221;off&#8221; global_colors_info=&#8221;{}&#8221;][et_pb_column type=&#8221;1_4&#8243; _builder_version=&#8221;4.17.3&#8243; _module_preset=&#8221;default&#8221; global_colors_info=&#8221;{}&#8221;][et_pb_image src=&#8221;http:\/\/www.suomiruokaa.fi\/wp-content\/uploads\/2022\/07\/aival.png&#8221; alt=&#8221;Aival OY&#8221; title_text=&#8221;Aival&#8221; url=&#8221;https:\/\/www.aival.fi\/&#8221; url_new_window=&#8221;on&#8221; align=&#8221;center&#8221; _builder_version=&#8221;4.17.3&#8243; _module_preset=&#8221;default&#8221; global_colors_info=&#8221;{}&#8221;][\/et_pb_image][\/et_pb_column][et_pb_column type=&#8221;1_4&#8243; _builder_version=&#8221;4.17.3&#8243; _module_preset=&#8221;default&#8221; global_colors_info=&#8221;{}&#8221;][et_pb_image src=&#8221;http:\/\/www.suomiruokaa.fi\/wp-content\/uploads\/2023\/09\/ap-logo-300&#215;131.png&#8221; alt=&#8221;Purkupojat logo&#8221; title_text=&#8221;ap logo&#8221; url=&#8221;https:\/\/www.purkupojat.com\/&#8221; url_new_window=&#8221;on&#8221; align=&#8221;center&#8221; _builder_version=&#8221;4.22.1&#8243; _module_preset=&#8221;default&#8221; global_colors_info=&#8221;{}&#8221;][\/et_pb_image][\/et_pb_column][et_pb_column type=&#8221;1_4&#8243; _builder_version=&#8221;4.17.3&#8243; _module_preset=&#8221;default&#8221; global_colors_info=&#8221;{}&#8221;][et_pb_image src=&#8221;http:\/\/www.suomiruokaa.fi\/wp-content\/uploads\/2022\/07\/merja.png&#8221; alt=&#8221;Merja Sirvi\u00f6&#8221; title_text=&#8221;Merja&#8221; url=&#8221;https:\/\/holvi.com\/shop\/merjasirvioart\/&#8221; url_new_window=&#8221;on&#8221; align=&#8221;center&#8221; _builder_version=&#8221;4.22.1&#8243; _module_preset=&#8221;default&#8221; global_colors_info=&#8221;{}&#8221;][\/et_pb_image][\/et_pb_column][et_pb_column type=&#8221;1_4&#8243; _builder_version=&#8221;4.17.3&#8243; _module_preset=&#8221;default&#8221; global_colors_info=&#8221;{}&#8221;][et_pb_image src=&#8221;http:\/\/www.suomiruokaa.fi\/wp-content\/uploads\/2022\/07\/mediakumpu.png&#8221; alt=&#8221;Mediakumpu&#8221; title_text=&#8221;Mediakumpu&#8221; align=&#8221;center&#8221; _builder_version=&#8221;4.17.3&#8243; _module_preset=&#8221;default&#8221; global_colors_info=&#8221;{}&#8221;][\/et_pb_image][\/et_pb_column][\/et_pb_row][et_pb_row column_structure=&#8221;1_3,1_3,1_3&#8243; _builder_version=&#8221;4.19.4&#8243; _module_preset=&#8221;default&#8221; locked=&#8221;off&#8221; global_colors_info=&#8221;{}&#8221;][et_pb_column type=&#8221;1_3&#8243; _builder_version=&#8221;4.17.3&#8243; _module_preset=&#8221;default&#8221; global_colors_info=&#8221;{}&#8221;][et_pb_image src=&#8221;http:\/\/www.suomiruokaa.fi\/wp-content\/uploads\/2023\/04\/bellabit-e1682516071844.png&#8221; title_text=&#8221;bellabit&#8221; align=&#8221;center&#8221; _builder_version=&#8221;4.19.4&#8243; _module_preset=&#8221;default&#8221; global_colors_info=&#8221;{}&#8221;][\/et_pb_image][\/et_pb_column][et_pb_column type=&#8221;1_3&#8243; _builder_version=&#8221;4.17.3&#8243; _module_preset=&#8221;default&#8221; global_colors_info=&#8221;{}&#8221;][et_pb_image src=&#8221;http:\/\/www.suomiruokaa.fi\/wp-content\/uploads\/2022\/07\/Lastermedia.png&#8221; alt=&#8221;Lasermedia OY&#8221; title_text=&#8221;Lasermedia&#8221; align=&#8221;center&#8221; _builder_version=&#8221;4.19.4&#8243; _module_preset=&#8221;default&#8221; global_colors_info=&#8221;{}&#8221;][\/et_pb_image][\/et_pb_column][et_pb_column type=&#8221;1_3&#8243; _builder_version=&#8221;4.17.3&#8243; _module_preset=&#8221;default&#8221; global_colors_info=&#8221;{}&#8221;][et_pb_image src=&#8221;http:\/\/www.suomiruokaa.fi\/wp-content\/uploads\/2023\/04\/teijarusilaart-e1682516747951.jpg&#8221; title_text=&#8221;teijarusilaart&#8221; align=&#8221;center&#8221; _builder_version=&#8221;4.19.4&#8243; _module_preset=&#8221;default&#8221; global_colors_info=&#8221;{}&#8221;][\/et_pb_image][\/et_pb_column][\/et_pb_row][\/et_pb_section]<\/p>\n","protected":false},"excerpt":{"rendered":"<p>Ti\u00adlayh\u00adteis\u00adty\u00f6 T\u00e4h\u00e4n p\u00e4ivit\u00e4mme yhteisty\u00f6tilamme: \u00a0M\u00e4ntyl\u00e4n tila:\u00a0Joensuu Lakeuden Highland:\u00a0https:\/\/www.lakeudenhighland.fi\/\u00a0ja \u00a0https:\/\/www.facebook.com\/LakeudenHighland Paavolan tila:\u00a0 https:\/\/www.facebook.com\/Paavolan-tila-125678579231392 Piiroom\u00e4en maatila: \u00a0https:\/\/www.facebook.com\/Piiroomaenmaatila Soinilan tila:\u00a0https:\/\/www.soinilan.fi\/ &nbsp; &nbsp; Yritysyh\u00adteis\u00adty\u00f6 Yhteisty\u00f6ss\u00e4 kanssamme ovat:<\/p>\n","protected":false},"author":3,"featured_media":0,"parent":0,"menu_order":0,"comment_status":"closed","ping_status":"closed","template":"","meta":{"_et_pb_use_builder":"on","_et_pb_old_content":"","_et_gb_content_width":"","footnotes":""},"class_list":["post-183","page","type-page","status-publish","hentry"],"_links":{"self":[{"href":"https:\/\/www.suomiruokaa.fi\/index.php\/wp-json\/wp\/v2\/pages\/183","targetHints":{"allow":["GET"]}}],"collection":[{"href":"https:\/\/www.suomiruokaa.fi\/index.php\/wp-json\/wp\/v2\/pages"}],"about":[{"href":"https:\/\/www.suomiruokaa.fi\/index.php\/wp-json\/wp\/v2\/types\/page"}],"author":[{"embeddable":true,"href":"https:\/\/www.suomiruokaa.fi\/index.php\/wp-json\/wp\/v2\/users\/3"}],"replies":[{"embeddable":true,"href":"https:\/\/www.suomiruokaa.fi\/index.php\/wp-json\/wp\/v2\/comments?post=183"}],"version-history":[{"count":18,"href":"https:\/\/www.suomiruokaa.fi\/index.php\/wp-json\/wp\/v2\/pages\/183\/revisions"}],"predecessor-version":[{"id":769,"href":"https:\/\/www.suomiruokaa.fi\/index.php\/wp-json\/wp\/v2\/pages\/183\/revisions\/769"}],"wp:attachment":[{"href":"https:\/\/www.suomiruokaa.fi\/index.php\/wp-json\/wp\/v2\/media?parent=183"}],"curies":[{"name":"wp","href":"https:\/\/api.w.org\/{rel}","templated":true}]}}