{"id":123,"date":"2022-07-08T11:42:11","date_gmt":"2022-07-08T11:42:11","guid":{"rendered":"http:\/\/demo.aival.fi\/?page_id=123"},"modified":"2025-05-19T11:38:45","modified_gmt":"2025-05-19T11:38:45","slug":"ukk","status":"publish","type":"page","link":"https:\/\/www.suomiruokaa.fi\/index.php\/ukk\/","title":{"rendered":"UKK"},"content":{"rendered":"<p>[et_pb_section fb_built=&#8221;1&#8243; _builder_version=&#8221;4.17.3&#8243; _module_preset=&#8221;default&#8221; background_image=&#8221;http:\/\/www.suomiruokaa.fi\/wp-content\/uploads\/2022\/08\/IMG-2022031.jpg&#8221; min_height=&#8221;525px&#8221; custom_padding=&#8221;||109px|||&#8221; global_colors_info=&#8221;{}&#8221;][et_pb_row use_custom_gutter=&#8221;on&#8221; make_equal=&#8221;on&#8221; _builder_version=&#8221;4.17.3&#8243; _module_preset=&#8221;default&#8221; transform_translate=&#8221;0px|244px&#8221; transform_translate_linked=&#8221;off&#8221; global_colors_info=&#8221;{}&#8221;][et_pb_column type=&#8221;4_4&#8243; _builder_version=&#8221;4.17.3&#8243; _module_preset=&#8221;default&#8221; global_colors_info=&#8221;{}&#8221;][et_pb_text _builder_version=&#8221;4.17.3&#8243; _module_preset=&#8221;default&#8221; header_font=&#8221;Lora|700|||||||&#8221; header_text_align=&#8221;center&#8221; header_text_color=&#8221;#FFFFFF&#8221; header_font_size=&#8221;46px&#8221; min_height=&#8221;53px&#8221; global_colors_info=&#8221;{}&#8221;]<\/p>\n<h1><span>USEIN KYSYTYT KYSYMYKSET<\/span><\/h1>\n<p>[\/et_pb_text][\/et_pb_column][\/et_pb_row][\/et_pb_section][et_pb_section fb_built=&#8221;1&#8243; _builder_version=&#8221;4.22.1&#8243; _module_preset=&#8221;default&#8221; background_color=&#8221;#f3efef&#8221; custom_padding=&#8221;||19px|||&#8221; hover_enabled=&#8221;0&#8243; global_colors_info=&#8221;{}&#8221; sticky_enabled=&#8221;0&#8243;][et_pb_row _builder_version=&#8221;4.17.3&#8243; _module_preset=&#8221;default&#8221; global_colors_info=&#8221;{}&#8221;][et_pb_column type=&#8221;4_4&#8243; _builder_version=&#8221;4.17.3&#8243; _module_preset=&#8221;default&#8221; global_colors_info=&#8221;{}&#8221;][et_pb_accordion _builder_version=&#8221;4.17.3&#8243; _module_preset=&#8221;default&#8221; global_colors_info=&#8221;{}&#8221;][et_pb_accordion_item title=&#8221;Mit\u00e4 on Suo\u00admi\u00adruo\u00adkaa ry?&#8221; open=&#8221;on&#8221; open_toggle_text_color=&#8221;#748168&#8243; icon_color=&#8221;#000000&#8243; toggle_icon=&#8221;&#xf107;||fa||900&#8243; use_icon_font_size=&#8221;on&#8221; icon_font_size=&#8221;19px&#8221; _builder_version=&#8221;4.17.3&#8243; _module_preset=&#8221;default&#8221; body_font=&#8221;Lora||||||||&#8221; body_text_color=&#8221;#000000&#8243; body_font_size=&#8221;18px&#8221; global_colors_info=&#8221;{}&#8221; toggle_text_color=&#8221;#748168&#8243; toggle_font=&#8221;Lora|700|||||||&#8221; toggle_font_size=&#8221;20px&#8221;]<\/p>\n<p>Yhdistys on perustettu 2022. Yhdistyksen toiminta-ajatuksena on toimia v\u00e4yl\u00e4n\u00e4 kansalaisten ja suomalaisen ruoan alkutuottajien v\u00e4lill\u00e4. Yhdistys on perustettu edist\u00e4m\u00e4\u00e4n, tukemaan ja kehitt\u00e4m\u00e4\u00e4n suomalaisen ruoan alkutuottajien toiminnan edellytyksi\u00e4, lis\u00e4ten samalla yhteis\u00f6llisyytt\u00e4 ja tietoisuutta kuluttajille. Yhdistys jakaa toiminnan edetess\u00e4 alueellista ja todenmukaista tietoa ruoan alkutuottajien toiminnasta, aina yhteisty\u00f6ss\u00e4 ruoan alkutuottajien kanssa. Perimm\u00e4inen ajatus on olla tuottajien tukena.<\/p>\n<p>Yhdistyksen kautta tuottajat voivat jakaa terveisi\u00e4\u00e4n avoimesti kuluttajille.<\/p>\n<p>Kuluttajat p\u00e4\u00e4sev\u00e4t tukemaan suomalaisia ruoan alkutuottajia ilman v\u00e4lik\u00e4si\u00e4.<\/p>\n<p>[\/et_pb_accordion_item][et_pb_accordion_item title=&#8221;Mit\u00e4 tukeminen on?&#8221; open_toggle_text_color=&#8221;#748168&#8243; icon_color=&#8221;#000000&#8243; toggle_icon=&#8221;&#xf107;||fa||900&#8243; use_icon_font_size=&#8221;on&#8221; icon_font_size=&#8221;19px&#8221; _builder_version=&#8221;4.17.3&#8243; _module_preset=&#8221;default&#8221; body_font=&#8221;Lora||||||||&#8221; body_text_color=&#8221;#000000&#8243; body_font_size=&#8221;18px&#8221; global_colors_info=&#8221;{}&#8221; toggle_text_color=&#8221;#748168&#8243; toggle_font=&#8221;Lora|700|||||||&#8221; toggle_font_size=&#8221;20px&#8221; open=&#8221;off&#8221;]<\/p>\n<p><span>Jokainen voi tukea tuottajia liittym\u00e4ll\u00e4 j\u00e4seneksi, joko j\u00e4senmaksulla tai vapaalla <\/span><span class=\"hyphen\">kan\u00adna\u00adtus\u00adj\u00e4\u00adsen\u00admak\u00adsul\u00adla.<\/span><span>\u00a0My\u00f6s todenmukaisen tiedon jakaminen on t\u00e4rke\u00e4\u00e4.<\/span><\/p>\n<p>[\/et_pb_accordion_item][et_pb_accordion_item title=&#8221;Mist\u00e4 tied\u00e4n, ett\u00e4 tukeni todella menee ruoan al\u00adku\u00adtuot\u00adta\u00adjal\u00adle?&#8221; open_toggle_text_color=&#8221;#748168&#8243; icon_color=&#8221;#000000&#8243; toggle_icon=&#8221;&#xf107;||fa||900&#8243; use_icon_font_size=&#8221;on&#8221; icon_font_size=&#8221;19px&#8221; _builder_version=&#8221;4.17.3&#8243; _module_preset=&#8221;default&#8221; body_font=&#8221;Lora||||||||&#8221; body_text_color=&#8221;#000000&#8243; body_font_size=&#8221;18px&#8221; global_colors_info=&#8221;{}&#8221; toggle_text_color=&#8221;#748168&#8243; toggle_font=&#8221;Lora|700|||||||&#8221; toggle_font_size=&#8221;20px&#8221; open=&#8221;off&#8221;]<\/p>\n<p>Kaikki saadut j\u00e4senmaksut ja muut tuet ohjataan ruoan alkutuottajille. Ruoan alkutuottajiin ollaan yhteydess\u00e4 suoraan. Tukea pyrit\u00e4\u00e4n jakamaan ns.<span>\u00a0<\/span><span class=\"hyphen\">kii\u00adreel\u00adli\u00adsyys\u00adj\u00e4r\u00adjes\u00adtyk\u00adses\u00ads\u00e4.<\/span><\/p>\n<p>Suomiruokaa ry:n toiminta on voittoa tavoittelematonta, joten kaikki varat menev\u00e4t ruoan alkutuottajille ja pieni osa yhdityksen hallinnollisiin sek\u00e4 toiminnollisiin kuluihin.\u00a0<\/p>\n<p>Yhdistyksen toiminta perustuu avoimuuteen ja kunnialliseen toimintaan<\/p>\n<p>[\/et_pb_accordion_item][et_pb_accordion_item title=&#8221;Mit\u00e4 min\u00e4 hy\u00f6dyn, jos tulen j\u00e4seneksi?&#8221; open_toggle_text_color=&#8221;#748168&#8243; icon_color=&#8221;#000000&#8243; toggle_icon=&#8221;&#xf107;||fa||900&#8243; use_icon_font_size=&#8221;on&#8221; icon_font_size=&#8221;19px&#8221; _builder_version=&#8221;4.17.3&#8243; _module_preset=&#8221;default&#8221; body_font=&#8221;Lora||||||||&#8221; body_text_color=&#8221;#000000&#8243; body_font_size=&#8221;18px&#8221; global_colors_info=&#8221;{}&#8221; toggle_text_color=&#8221;#748168&#8243; toggle_font=&#8221;Lora|700|||||||&#8221; toggle_font_size=&#8221;20px&#8221; open=&#8221;off&#8221;]<\/p>\n<p>J\u00e4sen\u00e4 p\u00e4\u00e4set vaikuttamaan suomalaisen ruoan alkutuottajien el\u00e4m\u00e4\u00e4n helpottamalla sit\u00e4 taloudellisella tuella ja etenkin henkisell\u00e4 tuella.\u00a0<\/p>\n<p>Seisomme tuottajiemme tukena ja n\u00e4yt\u00e4mme, kuinka arvostamme kotimaista puhdasta ruokaa ja ruoantuottajia!<br \/>Lis\u00e4ksi varsinaisilla j\u00e4senill\u00e4 on \u00e4\u00e4nioikeus yhdistyksen vuosikokouksessa.<\/p>\n<p>Varsinaisille j\u00e4senille yhdistys jakaa uutiskirjeen yhdistyksen toiminnasta kahden kuukauden v\u00e4lein s\u00e4hk\u00f6postitse.<\/p>\n<p>[\/et_pb_accordion_item][et_pb_accordion_item title=&#8221;Mist\u00e4 saa tietoa ruoan al\u00adku\u00adtuot\u00adta\u00adjis\u00adta?&#8221; open_toggle_text_color=&#8221;#748168&#8243; icon_color=&#8221;#000000&#8243; toggle_icon=&#8221;&#xf107;||fa||900&#8243; use_icon_font_size=&#8221;on&#8221; icon_font_size=&#8221;19px&#8221; _builder_version=&#8221;4.17.3&#8243; _module_preset=&#8221;default&#8221; body_font=&#8221;Lora||||||||&#8221; body_text_color=&#8221;#000000&#8243; body_font_size=&#8221;18px&#8221; global_colors_info=&#8221;{}&#8221; toggle_text_color=&#8221;#748168&#8243; toggle_font=&#8221;Lora|700|||||||&#8221; toggle_font_size=&#8221;20px&#8221; open=&#8221;off&#8221;]<\/p>\n<p>Suomiruokaa ry:n toimii my\u00f6s ruoan alkutuottajien viestint\u00e4kanavana kansalaisille. Jokainen alkutuottaja saa jakaa halutessaan yhdistykselle kuvia, videoita ja terveisi\u00e4, jonka yhdistys jakaa omilla kotisivuillaan ja sosiaalista mediaa k\u00e4ytt\u00e4en.<\/p>\n<p>Varsinaisille j\u00e4senille jaamme my\u00f6s uutiskirjeen yhdistyksen toiminnasta kahden \u00a0kuukauden v\u00e4lein s\u00e4hk\u00f6postitse.<\/p>\n<p>[\/et_pb_accordion_item][\/et_pb_accordion][\/et_pb_column][\/et_pb_row][et_pb_row _builder_version=&#8221;4.22.1&#8243; _module_preset=&#8221;default&#8221; global_colors_info=&#8221;{}&#8221;][et_pb_column type=&#8221;4_4&#8243; _builder_version=&#8221;4.22.1&#8243; _module_preset=&#8221;default&#8221; global_colors_info=&#8221;{}&#8221;][et_pb_button button_url=&#8221;http:\/\/www.suomiruokaa.fi\/index.php\/tule-jaseneksi\/&#8221; button_text=&#8221;Tule j\u00e4seneksi&#8221; _builder_version=&#8221;4.22.1&#8243; _module_preset=&#8221;default&#8221; global_colors_info=&#8221;{}&#8221;][\/et_pb_button][\/et_pb_column][\/et_pb_row][\/et_pb_section]<\/p>\n","protected":false},"excerpt":{"rendered":"<p>USEIN KYSYTYT KYSYMYKSETYhdistys on perustettu 2022. Yhdistyksen toiminta-ajatuksena on toimia v\u00e4yl\u00e4n\u00e4 kansalaisten ja suomalaisen ruoan alkutuottajien v\u00e4lill\u00e4. Yhdistys on perustettu edist\u00e4m\u00e4\u00e4n, tukemaan ja kehitt\u00e4m\u00e4\u00e4n suomalaisen ruoan alkutuottajien toiminnan edellytyksi\u00e4, lis\u00e4ten samalla yhteis\u00f6llisyytt\u00e4 ja tietoisuutta kuluttajille. Yhdistys jakaa toiminnan edetess\u00e4 alueellista ja todenmukaista tietoa ruoan alkutuottajien toiminnasta, aina yhteisty\u00f6ss\u00e4 ruoan alkutuottajien kanssa. Perimm\u00e4inen ajatus on olla [&hellip;]<\/p>\n","protected":false},"author":3,"featured_media":0,"parent":0,"menu_order":0,"comment_status":"closed","ping_status":"closed","template":"","meta":{"_et_pb_use_builder":"on","_et_pb_old_content":"","_et_gb_content_width":"","footnotes":""},"class_list":["post-123","page","type-page","status-publish","hentry"],"_links":{"self":[{"href":"https:\/\/www.suomiruokaa.fi\/index.php\/wp-json\/wp\/v2\/pages\/123","targetHints":{"allow":["GET"]}}],"collection":[{"href":"https:\/\/www.suomiruokaa.fi\/index.php\/wp-json\/wp\/v2\/pages"}],"about":[{"href":"https:\/\/www.suomiruokaa.fi\/index.php\/wp-json\/wp\/v2\/types\/page"}],"author":[{"embeddable":true,"href":"https:\/\/www.suomiruokaa.fi\/index.php\/wp-json\/wp\/v2\/users\/3"}],"replies":[{"embeddable":true,"href":"https:\/\/www.suomiruokaa.fi\/index.php\/wp-json\/wp\/v2\/comments?post=123"}],"version-history":[{"count":21,"href":"https:\/\/www.suomiruokaa.fi\/index.php\/wp-json\/wp\/v2\/pages\/123\/revisions"}],"predecessor-version":[{"id":830,"href":"https:\/\/www.suomiruokaa.fi\/index.php\/wp-json\/wp\/v2\/pages\/123\/revisions\/830"}],"wp:attachment":[{"href":"https:\/\/www.suomiruokaa.fi\/index.php\/wp-json\/wp\/v2\/media?parent=123"}],"curies":[{"name":"wp","href":"https:\/\/api.w.org\/{rel}","templated":true}]}}