{"id":121,"date":"2022-07-08T11:41:14","date_gmt":"2022-07-08T11:41:14","guid":{"rendered":"http:\/\/demo.aival.fi\/?page_id=121"},"modified":"2025-05-19T12:35:20","modified_gmt":"2025-05-19T12:35:20","slug":"tarina","status":"publish","type":"page","link":"https:\/\/www.suomiruokaa.fi\/index.php\/tarina\/","title":{"rendered":"Tarina"},"content":{"rendered":"<p>[et_pb_section fb_built=&#8221;1&#8243; admin_label=&#8221;section&#8221; _builder_version=&#8221;4.22.1&#8243; background_color=&#8221;#d8ded3&#8243; global_colors_info=&#8221;{}&#8221;][et_pb_row use_custom_gutter=&#8221;on&#8221; make_equal=&#8221;on&#8221; admin_label=&#8221;row&#8221; _builder_version=&#8221;4.22.1&#8243; background_size=&#8221;initial&#8221; background_position=&#8221;top_left&#8221; background_repeat=&#8221;repeat&#8221; width=&#8221;50%&#8221; module_alignment=&#8221;center&#8221; custom_padding=&#8221;6px|||||&#8221; global_colors_info=&#8221;{}&#8221;][et_pb_column type=&#8221;4_4&#8243; _builder_version=&#8221;4.22.1&#8243; custom_padding=&#8221;|||&#8221; global_colors_info=&#8221;{}&#8221; custom_padding__hover=&#8221;|||&#8221;][et_pb_text _builder_version=&#8221;4.22.1&#8243; _module_preset=&#8221;default&#8221; text_font=&#8221;Lora||||||||&#8221; text_text_color=&#8221;#000000&#8243; text_font_size=&#8221;18px&#8221; header_2_font=&#8221;Lora||||||||&#8221; header_2_text_align=&#8221;center&#8221; header_2_text_color=&#8221;#000000&#8243; header_2_font_size=&#8221;27px&#8221; text_orientation=&#8221;center&#8221; custom_padding=&#8221;18px|||||&#8221; hover_enabled=&#8221;0&#8243; global_colors_info=&#8221;{}&#8221; sticky_enabled=&#8221;0&#8243;]<\/p>\n<h2><strong><span style=\"color: #748168;\">&#8221;Mit\u00e4 min\u00e4 voin tehd\u00e4?&#8221; &#8211; Anonyymi<\/span><\/strong><\/h2>\n<p>&nbsp;<\/p>\n<p><span style=\"font-size: 18px;\">Halusimme luoda v\u00e4yl\u00e4n suomalaisen ruoan tuottajien ja kuluttajien v\u00e4lille. <\/span><span style=\"font-size: 18px;\">Jotta todellisuus ei unohdu ja jotta me kuluttajat olisimme tukena n\u00e4ille, jotka tekev\u00e4t korvaamatonta ja arvokasta ty\u00f6t\u00e4 hyv\u00e4ksemme, tuottamalla meille ruokaa niin kauppoihin, ravintoiloihin, kouluruokaloihin ja sek\u00e4 muihin yhteiskunnan tiloihin.<br \/>\n<\/span><span style=\"font-size: 18px;\">Meid\u00e4n ruokap\u00f6ytiimme.<\/span>[\/et_pb_text][et_pb_image src=&#8221;http:\/\/www.suomiruokaa.fi\/wp-content\/uploads\/2022\/08\/Tarina.png&#8221; alt=&#8221;Vihannekset p\u00f6yd\u00e4ll\u00e4&#8221; title_text=&#8221;Vihannekset&#8221; align=&#8221;center&#8221; _builder_version=&#8221;4.17.3&#8243; _module_preset=&#8221;default&#8221; global_colors_info=&#8221;{}&#8221;][\/et_pb_image][et_pb_text _builder_version=&#8221;4.17.3&#8243; _module_preset=&#8221;default&#8221; text_font=&#8221;Lora||||||||&#8221; text_text_color=&#8221;#000000&#8243; text_font_size=&#8221;18px&#8221; text_orientation=&#8221;center&#8221; global_colors_info=&#8221;{}&#8221;]<\/p>\n<p>Suomessa on jo pitk\u00e4\u00e4n ollut keskusteluissa suomalaisen maatalouden ahdinko. Uskon kuitenkin, ett\u00e4 vasta n\u00e4m\u00e4 globaalit kriisit ovat saaneet meid\u00e4t suomalaiset todella pohtimaan mit\u00e4 meid\u00e4n kotimaiselle ruoantuotannolle tulevaisuudessa k\u00e4y, jos kotimaiset ruoan alkutuottajat v\u00e4henev\u00e4t entisest\u00e4\u00e4n.<\/p>\n<p>Suomalaisen ruoan alkutuottajat ovat ylity\u00f6llistettyj\u00e4 ja he tuottavat meille puhdasta ruokaa alihintaan. N\u00e4in ollen osa tuottajista ei kykene palkkaamaan ty\u00f6voimaa avuksi tai saatikaan nostamaan edes minimipalkkaa itselleen. Heill\u00e4 ei ole vapaa-aikaa t\u00f6ist\u00e4\u00e4n niinkuin minulla ja monella muulla. Silti he yritt\u00e4v\u00e4t kaikkensa, ett\u00e4 meill\u00e4 kaikilla on ruokaa p\u00f6yd\u00e4ss\u00e4, s\u00e4ist\u00e4 riippumatta ja kulujen kasvaessa koko ajan. Osa n\u00e4ist\u00e4 tilallisista on uupunut.<\/p>\n<p>Uskon vahvasti ja toivon, ett\u00e4 moni muukin on huolissaan suomalaisen ruoan tuottamisesta. Itse haluan tukea sit\u00e4 niin paljon, kun vain pystyn. Sill\u00e4 kerran menetetty\u00e4 on vaikea saada takaisin.<\/p>\n<p>Suomiruokaa ry:n avulla pystymme auttamaan suomalaisen ruoantuottajia suoraan sek\u00e4 olemaan tukena heille. Heille, jotka kamppailevat meid\u00e4n hyvinvointimme puolesta.<br \/>Min\u00e4 haluan tehd\u00e4 oman osani heid\u00e4n hyvinvoinnin parantamiseksi sek\u00e4 kotimaisen, puhtaan ruoan tuottamisen turvaamiseksi.<\/p>\n<p>Koska haluan kotimaista ruokaa jatkossakin.<\/p>\n<p>\u00a0Kunnioittaen<\/p>\n<p>Johanna Kaksonen<br \/>Puheenjohtaja<\/p>\n<p>&nbsp;<\/p>\n<p>[\/et_pb_text][\/et_pb_column][\/et_pb_row][\/et_pb_section]<\/p>\n","protected":false},"excerpt":{"rendered":"<p>&#8221;Mit\u00e4 min\u00e4 voin tehd\u00e4?&#8221; &#8211; Anonyymi &nbsp; Halusimme luoda v\u00e4yl\u00e4n suomalaisen ruoan tuottajien ja kuluttajien v\u00e4lille. Jotta todellisuus ei unohdu ja jotta me kuluttajat olisimme tukena n\u00e4ille, jotka tekev\u00e4t korvaamatonta ja arvokasta ty\u00f6t\u00e4 hyv\u00e4ksemme, tuottamalla meille ruokaa niin kauppoihin, ravintoiloihin, kouluruokaloihin ja sek\u00e4 muihin yhteiskunnan tiloihin. Meid\u00e4n ruokap\u00f6ytiimme.Suomessa on jo pitk\u00e4\u00e4n ollut keskusteluissa suomalaisen maatalouden [&hellip;]<\/p>\n","protected":false},"author":3,"featured_media":0,"parent":0,"menu_order":0,"comment_status":"closed","ping_status":"closed","template":"","meta":{"_et_pb_use_builder":"on","_et_pb_old_content":"","_et_gb_content_width":"","footnotes":""},"class_list":["post-121","page","type-page","status-publish","hentry"],"_links":{"self":[{"href":"https:\/\/www.suomiruokaa.fi\/index.php\/wp-json\/wp\/v2\/pages\/121","targetHints":{"allow":["GET"]}}],"collection":[{"href":"https:\/\/www.suomiruokaa.fi\/index.php\/wp-json\/wp\/v2\/pages"}],"about":[{"href":"https:\/\/www.suomiruokaa.fi\/index.php\/wp-json\/wp\/v2\/types\/page"}],"author":[{"embeddable":true,"href":"https:\/\/www.suomiruokaa.fi\/index.php\/wp-json\/wp\/v2\/users\/3"}],"replies":[{"embeddable":true,"href":"https:\/\/www.suomiruokaa.fi\/index.php\/wp-json\/wp\/v2\/comments?post=121"}],"version-history":[{"count":22,"href":"https:\/\/www.suomiruokaa.fi\/index.php\/wp-json\/wp\/v2\/pages\/121\/revisions"}],"predecessor-version":[{"id":847,"href":"https:\/\/www.suomiruokaa.fi\/index.php\/wp-json\/wp\/v2\/pages\/121\/revisions\/847"}],"wp:attachment":[{"href":"https:\/\/www.suomiruokaa.fi\/index.php\/wp-json\/wp\/v2\/media?parent=121"}],"curies":[{"name":"wp","href":"https:\/\/api.w.org\/{rel}","templated":true}]}}