{"id":12,"date":"2022-04-24T04:33:49","date_gmt":"2022-04-24T04:33:49","guid":{"rendered":"http:\/\/www.suomiruokaa.fi\/?page_id=12"},"modified":"2025-05-19T11:48:12","modified_gmt":"2025-05-19T11:48:12","slug":"12-2","status":"publish","type":"page","link":"https:\/\/www.suomiruokaa.fi\/","title":{"rendered":"Koti"},"content":{"rendered":"<p>[et_pb_section fb_built=&#8221;1&#8243; _builder_version=&#8221;4.19.4&#8243; _module_preset=&#8221;default&#8221; background_image=&#8221;http:\/\/www.suomiruokaa.fi\/wp-content\/uploads\/2022\/08\/IMG-2022031.jpg&#8221; min_height=&#8221;450px&#8221; custom_padding=&#8221;||181px|||&#8221; global_colors_info=&#8221;{}&#8221;][et_pb_row admin_label=&#8221;Rivi&#8221; _builder_version=&#8221;4.17.3&#8243; _module_preset=&#8221;default&#8221; transform_translate=&#8221;0px|135px&#8221; transform_translate_linked=&#8221;off&#8221; custom_margin=&#8221;7px|auto||auto||&#8221; custom_padding=&#8221;32px|||||&#8221; global_colors_info=&#8221;{}&#8221;][et_pb_column type=&#8221;4_4&#8243; _builder_version=&#8221;4.17.3&#8243; _module_preset=&#8221;default&#8221; global_colors_info=&#8221;{}&#8221;][et_pb_text _builder_version=&#8221;4.19.4&#8243; _module_preset=&#8221;default&#8221; text_font=&#8221;Castoro||||||||&#8221; text_text_color=&#8221;#FFFFFF&#8221; text_font_size=&#8221;20px&#8221; header_font=&#8221;|800|||||||&#8221; header_text_align=&#8221;right&#8221; header_text_color=&#8221;#FFFFFF&#8221; header_font_size=&#8221;52px&#8221; background_enable_image=&#8221;off&#8221; global_colors_info=&#8221;{}&#8221;]<\/p>\n<h1 style=\"text-align: right;\"><span class=\"hyphen\">SUOMIRUOKAA RY<\/span><\/h1>\n<p style=\"text-align: right;\"><span style=\"font-size: 22px; text-align: center;\">Kotimaista ruokaa jatkossakin<\/span><\/p>\n<p>[\/et_pb_text][et_pb_button button_url=&#8221;http:\/\/www.suomiruokaa.fi\/index.php\/tule-jaseneksi\/&#8221; button_text=&#8221;Tule j\u00e4seneksi&#8221; button_alignment=&#8221;right&#8221; _builder_version=&#8221;4.17.3&#8243; _module_preset=&#8221;default&#8221; background_layout=&#8221;dark&#8221; global_colors_info=&#8221;{}&#8221;][\/et_pb_button][\/et_pb_column][\/et_pb_row][et_pb_row _builder_version=&#8221;4.19.4&#8243; _module_preset=&#8221;default&#8221; global_colors_info=&#8221;{}&#8221;][et_pb_column type=&#8221;4_4&#8243; _builder_version=&#8221;4.19.4&#8243; _module_preset=&#8221;default&#8221; global_colors_info=&#8221;{}&#8221;][\/et_pb_column][\/et_pb_row][\/et_pb_section][et_pb_section fb_built=&#8221;1&#8243; _builder_version=&#8221;4.22.1&#8243; _module_preset=&#8221;default&#8221; background_color=&#8221;#f3efef&#8221; global_colors_info=&#8221;{}&#8221;][et_pb_row column_structure=&#8221;1_2,1_2&#8243; _builder_version=&#8221;4.22.1&#8243; _module_preset=&#8221;default&#8221; custom_padding=&#8221;|||4px||&#8221; global_colors_info=&#8221;{}&#8221;][et_pb_column type=&#8221;1_2&#8243; _builder_version=&#8221;4.17.3&#8243; _module_preset=&#8221;default&#8221; global_colors_info=&#8221;{}&#8221;][et_pb_text _builder_version=&#8221;4.19.4&#8243; _module_preset=&#8221;default&#8221; text_font=&#8221;Castoro||||||||&#8221; text_text_color=&#8221;#000000&#8243; text_font_size=&#8221;18px&#8221; header_2_font=&#8221;|800|||||||&#8221; header_2_text_color=&#8221;#000000&#8243; header_2_font_size=&#8221;39px&#8221; global_colors_info=&#8221;{}&#8221;]<\/p>\n<div class=\"F_tC d_hD d_w d_cs\">\n<h2>\u00a0<\/h2>\n<h2><span class=\"hyphen\">Suo\u00admi\u00adruo\u00adkaa<\/span> ry tukee<\/h2>\n<h2><span class=\"hyphen\">suo\u00adma\u00adlai\u00adsen<\/span> ruoan<\/h2>\n<h2><span class=\"hyphen\">al\u00adku\u00adtuot\u00adta\u00adjia<\/span><\/h2>\n<p>&nbsp;<\/p>\n<p>&nbsp;<\/p>\n<p>&nbsp;<\/p>\n<\/div>\n<div class=\"\">\n<div>\n<p>Suomiruokaa ry on perustettu edist\u00e4m\u00e4\u00e4n, tukemaan ja kehitt\u00e4m\u00e4\u00e4n suomalaisen ruoan alkutuottajien toiminnan edellytyksi\u00e4, lis\u00e4ten samalla yhteis\u00f6llisyytt\u00e4 ja tietoisuutta kuluttajille.<\/p>\n<p>Yhdistys jakaa toiminnan edetess\u00e4 todenmukaista tietoa ruoan alkutuottajien\u00a0toiminnasta, aina yhteisty\u00f6ss\u00e4 ruoan alkutuottajien kanssa.<\/p>\n<p><span style=\"font-size: 18px;\">Suomiruokaa ry on tarkoitettu heille, jotka haluavat olla mukana tukemassa suomalaista ruoantuotantoa.<br \/><\/span><span style=\"font-size: 18px;\">Yhdistys tukee niin taloudellisesti sek\u00e4 yleishy\u00f6dyllisin keinoin suoraan ruoan alkutuottajaa ilman v\u00e4lik\u00e4si\u00e4.<\/span><\/p>\n<p><span style=\"font-size: 18px;\">Tule mukaan ja ole osaltasi varmistamassa, ett\u00e4 meill\u00e4 on jatkossakin kotimaista ja puhdasta ruokaa ruokap\u00f6yd\u00e4ss\u00e4!<\/span><\/p>\n<p>&nbsp;<\/p>\n<p>&nbsp;<\/p>\n<p>&nbsp;<\/p>\n<\/div>\n<\/div>\n<p>[\/et_pb_text][\/et_pb_column][et_pb_column type=&#8221;1_2&#8243; _builder_version=&#8221;4.17.3&#8243; _module_preset=&#8221;default&#8221; global_colors_info=&#8221;{}&#8221;][et_pb_image src=&#8221;http:\/\/www.suomiruokaa.fi\/wp-content\/uploads\/2023\/04\/suominauha.png&#8221; alt=&#8221;Suominauha&#8221; title_text=&#8221;suominauha&#8221; _builder_version=&#8221;4.22.1&#8243; _module_preset=&#8221;default&#8221; global_colors_info=&#8221;{}&#8221;][\/et_pb_image][\/et_pb_column][\/et_pb_row][et_pb_row _builder_version=&#8221;4.22.1&#8243; _module_preset=&#8221;default&#8221; hover_enabled=&#8221;0&#8243; global_colors_info=&#8221;{}&#8221; sticky_enabled=&#8221;0&#8243;][et_pb_column type=&#8221;4_4&#8243; _builder_version=&#8221;4.17.3&#8243; _module_preset=&#8221;default&#8221; global_colors_info=&#8221;{}&#8221;][et_pb_button button_url=&#8221;http:\/\/www.suomiruokaa.fi\/index.php\/uutiset\/&#8221; button_text=&#8221;Uutiset&#8221; button_alignment=&#8221;left&#8221; _builder_version=&#8221;4.22.1&#8243; _module_preset=&#8221;default&#8221; locked=&#8221;off&#8221; global_colors_info=&#8221;{}&#8221;][\/et_pb_button][\/et_pb_column][\/et_pb_row][et_pb_row _builder_version=&#8221;4.22.1&#8243; _module_preset=&#8221;default&#8221; hover_enabled=&#8221;0&#8243; global_colors_info=&#8221;{}&#8221; sticky_enabled=&#8221;0&#8243;][et_pb_column type=&#8221;4_4&#8243; _builder_version=&#8221;4.22.1&#8243; _module_preset=&#8221;default&#8221; global_colors_info=&#8221;{}&#8221;][et_pb_button button_url=&#8221;http:\/\/www.suomiruokaa.fi\/index.php\/tule-jaseneksi\/&#8221; button_text=&#8221;Tule j\u00e4seneksi&#8221; _builder_version=&#8221;4.22.1&#8243; _module_preset=&#8221;default&#8221; global_colors_info=&#8221;{}&#8221;][\/et_pb_button][\/et_pb_column][\/et_pb_row][\/et_pb_section]<\/p>\n","protected":false},"excerpt":{"rendered":"<p>SUOMIRUOKAA RY Kotimaista ruokaa jatkossakin \u00a0 Suo\u00admi\u00adruo\u00adkaa ry tukee suo\u00adma\u00adlai\u00adsen ruoan al\u00adku\u00adtuot\u00adta\u00adjia &nbsp; &nbsp; &nbsp; Suomiruokaa ry on perustettu edist\u00e4m\u00e4\u00e4n, tukemaan ja kehitt\u00e4m\u00e4\u00e4n suomalaisen ruoan alkutuottajien toiminnan edellytyksi\u00e4, lis\u00e4ten samalla yhteis\u00f6llisyytt\u00e4 ja tietoisuutta kuluttajille. Yhdistys jakaa toiminnan edetess\u00e4 todenmukaista tietoa ruoan alkutuottajien\u00a0toiminnasta, aina yhteisty\u00f6ss\u00e4 ruoan alkutuottajien kanssa. Suomiruokaa ry on tarkoitettu heille, jotka haluavat olla [&hellip;]<\/p>\n","protected":false},"author":1,"featured_media":0,"parent":0,"menu_order":0,"comment_status":"closed","ping_status":"closed","template":"","meta":{"_et_pb_use_builder":"on","_et_pb_old_content":"","_et_gb_content_width":"","footnotes":""},"class_list":["post-12","page","type-page","status-publish","hentry"],"_links":{"self":[{"href":"https:\/\/www.suomiruokaa.fi\/index.php\/wp-json\/wp\/v2\/pages\/12","targetHints":{"allow":["GET"]}}],"collection":[{"href":"https:\/\/www.suomiruokaa.fi\/index.php\/wp-json\/wp\/v2\/pages"}],"about":[{"href":"https:\/\/www.suomiruokaa.fi\/index.php\/wp-json\/wp\/v2\/types\/page"}],"author":[{"embeddable":true,"href":"https:\/\/www.suomiruokaa.fi\/index.php\/wp-json\/wp\/v2\/users\/1"}],"replies":[{"embeddable":true,"href":"https:\/\/www.suomiruokaa.fi\/index.php\/wp-json\/wp\/v2\/comments?post=12"}],"version-history":[{"count":55,"href":"https:\/\/www.suomiruokaa.fi\/index.php\/wp-json\/wp\/v2\/pages\/12\/revisions"}],"predecessor-version":[{"id":836,"href":"https:\/\/www.suomiruokaa.fi\/index.php\/wp-json\/wp\/v2\/pages\/12\/revisions\/836"}],"wp:attachment":[{"href":"https:\/\/www.suomiruokaa.fi\/index.php\/wp-json\/wp\/v2\/media?parent=12"}],"curies":[{"name":"wp","href":"https:\/\/api.w.org\/{rel}","templated":true}]}}